{"id":999,"date":"2022-09-08T19:30:15","date_gmt":"2022-09-08T19:30:15","guid":{"rendered":"https:\/\/gokrail.com\/?page_id=999"},"modified":"2023-10-19T15:50:42","modified_gmt":"2023-10-19T12:50:42","slug":"gizlilik-politikasi","status":"publish","type":"page","link":"https:\/\/gokrail.com\/en\/gizlilik-politikasi\/","title":{"rendered":"Privacy Policy"},"content":{"rendered":"<div data-elementor-type=\"wp-page\" data-elementor-id=\"999\" class=\"elementor elementor-999\">\n\t\t\t\t\t\t\t\t\t<section class=\"elementor-section elementor-top-section elementor-element elementor-element-43897269 elementor-section-boxed elementor-section-height-default elementor-section-height-default sc_fly_static\" data-id=\"43897269\" data-element_type=\"section\" data-settings=\"{&quot;background_background&quot;:&quot;classic&quot;}\">\n\t\t\t\t\t\t<div class=\"elementor-container elementor-column-gap-extended\">\n\t\t\t\t\t<div class=\"elementor-column elementor-col-100 elementor-top-column elementor-element elementor-element-6f02bc5d sc_inner_width_none sc_content_align_inherit sc_layouts_column_icons_position_left sc_fly_static\" data-id=\"6f02bc5d\" data-element_type=\"column\">\n\t\t\t<div class=\"elementor-widget-wrap elementor-element-populated\">\n\t\t\t\t\t\t\t\t<div class=\"elementor-element elementor-element-1873ed3 sc_fly_static elementor-widget elementor-widget-text-editor\" data-id=\"1873ed3\" data-element_type=\"widget\" data-widget_type=\"text-editor.default\">\n\t\t\t\t<div class=\"elementor-widget-container\">\n\t\t\t<style>\/*! elementor - v3.16.0 - 17-10-2023 *\/\n.elementor-widget-text-editor.elementor-drop-cap-view-stacked .elementor-drop-cap{background-color:#69727d;color:#fff}.elementor-widget-text-editor.elementor-drop-cap-view-framed .elementor-drop-cap{color:#69727d;border:3px solid;background-color:transparent}.elementor-widget-text-editor:not(.elementor-drop-cap-view-default) .elementor-drop-cap{margin-top:8px}.elementor-widget-text-editor:not(.elementor-drop-cap-view-default) .elementor-drop-cap-letter{width:1em;height:1em}.elementor-widget-text-editor .elementor-drop-cap{float:left;text-align:center;line-height:1;font-size:50px}.elementor-widget-text-editor .elementor-drop-cap-letter{display:inline-block}<\/style>\t\t\t\t<p>Sitemize \u00fcye olmak i\u00e7in girmi\u015f oldu\u011funuz t\u00fcm bilgiler, \u00a03. parti firma veya ki\u015filerle payla\u015f\u0131lmayacakt\u0131r.<\/p><p>Sitemiz ileti\u015fim formlar\u0131ndan girmi\u015f oldu\u011funuz t\u00fcm bilgiler, \u00a03. parti firma veya ki\u015filerle payla\u015f\u0131lmayacakt\u0131r.<\/p><p>Sitemiz baz\u0131 d\u00f6nemlerde m\u00fc\u015fterilerine ve \u00fcyelerine kampanya bilgileri, yeni \u00fcr\u00fcnler hakk\u0131nda bilgiler, promosyon bilgileri g\u00f6nderebilir. \u00dcyelerimiz bu gibi bilgileri al\u0131p almama konusunda her t\u00fcrl\u00fc se\u00e7imi \u00fcye olurken yapabilir ve sonras\u0131nda \u00fcye giri\u015fi yapt\u0131ktan sonra hesap bilgileri b\u00f6l\u00fcm\u00fcnden bu se\u00e7im de\u011fi\u015ftirilebilmektedir.<\/p><p>\u00dcye olurken verdi\u011finiz t\u00fcm bilgilere sadece siz ula\u015fabilir ve siz de\u011fi\u015ftirebilirsiniz. \u00dcye giri\u015f bilgilerinizi g\u00fcvenli korudu\u011funuz takdirde ba\u015fkalar\u0131n\u0131n sizinle ilgili bilgilere ula\u015fmas\u0131 ve bunlar\u0131 de\u011fi\u015ftirmesi m\u00fcmk\u00fcn de\u011fildir.\u00a0<\/p><p>Al\u0131c\u0131, gokrail.com sitesinde kendisine veya 3. ki\u015filere ait kredi kart\u0131 i\u015flemlerinde olabilecek her t\u00fcrl\u00fc us\u00fcls\u00fcz kullan\u0131mlardan, itirazlardan ve bu nedenle do\u011fabilecek maddi kay\u0131p ve cezalardan bizzat sorumludur.<\/p>\t\t\t\t\t\t<\/div>\n\t\t\t\t<\/div>\n\t\t\t\t\t<\/div>\n\t\t<\/div>\n\t\t\t\t\t\t\t<\/div>\n\t\t<\/section>\n\t\t\t\t\t\t\t<\/div>","protected":false},"excerpt":{"rendered":"<p>Sitemize \u00fcye olmak i\u00e7in girmi\u015f oldu\u011funuz t\u00fcm bilgiler, \u00a03. parti firma veya ki\u015filerle payla\u015f\u0131lmayacakt\u0131r. Sitemiz ileti\u015fim formlar\u0131ndan girmi\u015f oldu\u011funuz t\u00fcm bilgiler, \u00a03. parti firma veya ki\u015filerle payla\u015f\u0131lmayacakt\u0131r. Sitemiz baz\u0131 d\u00f6nemlerde&hellip;<\/p>","protected":false},"author":1,"featured_media":0,"parent":0,"menu_order":0,"comment_status":"closed","ping_status":"closed","template":"","meta":{"footnotes":""},"_links":{"self":[{"href":"https:\/\/gokrail.com\/en\/wp-json\/wp\/v2\/pages\/999"}],"collection":[{"href":"https:\/\/gokrail.com\/en\/wp-json\/wp\/v2\/pages"}],"about":[{"href":"https:\/\/gokrail.com\/en\/wp-json\/wp\/v2\/types\/page"}],"author":[{"embeddable":true,"href":"https:\/\/gokrail.com\/en\/wp-json\/wp\/v2\/users\/1"}],"replies":[{"embeddable":true,"href":"https:\/\/gokrail.com\/en\/wp-json\/wp\/v2\/comments?post=999"}],"version-history":[{"count":11,"href":"https:\/\/gokrail.com\/en\/wp-json\/wp\/v2\/pages\/999\/revisions"}],"predecessor-version":[{"id":6266,"href":"https:\/\/gokrail.com\/en\/wp-json\/wp\/v2\/pages\/999\/revisions\/6266"}],"wp:attachment":[{"href":"https:\/\/gokrail.com\/en\/wp-json\/wp\/v2\/media?parent=999"}],"curies":[{"name":"wp","href":"https:\/\/api.w.org\/{rel}","templated":true}]}}