{"id":7246,"date":"2023-11-10T12:40:22","date_gmt":"2023-11-10T09:40:22","guid":{"rendered":"https:\/\/gokrail.com\/?page_id=7246"},"modified":"2023-11-10T13:55:51","modified_gmt":"2023-11-10T10:55:51","slug":"insan-kaynaklari","status":"publish","type":"page","link":"https:\/\/gokrail.com\/en\/insan-kaynaklari\/","title":{"rendered":"Human Resources"},"content":{"rendered":"<div data-elementor-type=\"wp-page\" data-elementor-id=\"7246\" class=\"elementor elementor-7246\">\n\t\t\t\t\t\t\t\t\t<section class=\"elementor-section elementor-top-section elementor-element elementor-element-43897269 elementor-section-boxed elementor-section-height-default elementor-section-height-default sc_fly_static\" data-id=\"43897269\" data-element_type=\"section\" data-settings=\"{&quot;background_background&quot;:&quot;classic&quot;}\">\n\t\t\t\t\t\t<div class=\"elementor-container elementor-column-gap-extended\">\n\t\t\t\t\t<div class=\"elementor-column elementor-col-100 elementor-top-column elementor-element elementor-element-6f02bc5d sc_inner_width_none sc_content_align_inherit sc_layouts_column_icons_position_left sc_fly_static\" data-id=\"6f02bc5d\" data-element_type=\"column\">\n\t\t\t<div class=\"elementor-widget-wrap elementor-element-populated\">\n\t\t\t\t\t\t\t\t<div class=\"elementor-element elementor-element-1873ed3 sc_fly_static elementor-widget elementor-widget-text-editor\" data-id=\"1873ed3\" data-element_type=\"widget\" data-widget_type=\"text-editor.default\">\n\t\t\t\t<div class=\"elementor-widget-container\">\n\t\t\t<style>\/*! elementor - v3.16.0 - 17-10-2023 *\/\n.elementor-widget-text-editor.elementor-drop-cap-view-stacked .elementor-drop-cap{background-color:#69727d;color:#fff}.elementor-widget-text-editor.elementor-drop-cap-view-framed .elementor-drop-cap{color:#69727d;border:3px solid;background-color:transparent}.elementor-widget-text-editor:not(.elementor-drop-cap-view-default) .elementor-drop-cap{margin-top:8px}.elementor-widget-text-editor:not(.elementor-drop-cap-view-default) .elementor-drop-cap-letter{width:1em;height:1em}.elementor-widget-text-editor .elementor-drop-cap{float:left;text-align:center;line-height:1;font-size:50px}.elementor-widget-text-editor .elementor-drop-cap-letter{display:inline-block}<\/style>\t\t\t\t<ol><li><strong>Human Resources Policy<\/strong><\/li><\/ol><p><em>G\u00f6k Yap\u0131 San. Tic. A.\u015e. <\/em>works with the awareness that our employees are the most important of our basic resources that carry us to success in the realization of our goals and strategies. The development of our employees is prioritized with systems and practices that provide opportunities and contributions. We aim to increase work efficiency by investing in motivation, job satisfaction, belonging and training. Our policies in line with these goals and strategies;<\/p><ol start=\"2\"><li><strong>Occupational Safety Policy<\/strong><\/li><\/ol><p>One of the most important goals of G\u00f6k Yap\u0131 is to improve working conditions for its employees by taking the opinions of its employees. In order to achieve this goal, G\u00f6k Yap\u0131 believes that work and the workplace must be a safe place for everyone. It takes all necessary measures for Occupational Health and Safety and tries to help its employees protect their physical and mental health.<\/p><ol start=\"3\"><li><strong>Strong Human Resources<\/strong><\/li><\/ol><p>With a qualified workforce of more than 1000 people, G\u00f6k Yap\u0131 is always proud of its potential to provide the highest employment opportunities in the region. G\u00f6k Yap\u0131 supports its employees in terms of both professional and personal development and forms its Human Resources force in line with its future plans and strategies.<\/p><ol start=\"4\"><li><strong>Recruitment Process<\/strong><\/li><\/ol><p>In recruitment processes, different tests and inventories specific to positions are applied. At the same time, it is aimed to select the right leaders for the teams with the \u201cassessment center\u201d application in all recruitment processes for executive and higher positions. In addition to the right candidate approach for G\u00f6k Yap\u0131, the right business philosophy for candidates constitutes the biggest difference of the company.<\/p><p>In addition to the right candidate approach for G\u00f6k Yap\u0131, the right job philosophy for candidates forms the company's greatest distinction.<\/p><ol start=\"5\"><li><strong>Continuing Education<\/strong><\/li><\/ol><p>G\u00f6k Yap\u0131 aims to provide the necessary training and development support to meet company needs and the professional and individual development of employees. Employees are supported with technical and corporate trainings as well as individual development programs.<\/p>\t\t\t\t\t\t<\/div>\n\t\t\t\t<\/div>\n\t\t\t\t\t<\/div>\n\t\t<\/div>\n\t\t\t\t\t\t\t<\/div>\n\t\t<\/section>\n\t\t\t\t\t\t\t<\/div>","protected":false},"excerpt":{"rendered":"<p>\u0130nsan Kaynaklar\u0131 Politikas\u0131 G\u00f6k Yap\u0131 San. Tic. A.\u015e. hedeflerinin ve stratejilerinin ger\u00e7ekle\u015ftirilmesinde bizleri ba\u015far\u0131ya ta\u015f\u0131yan temel kaynaklar\u0131m\u0131zdan en \u00f6nemlisinin \u00e7al\u0131\u015fanlar\u0131m\u0131z oldu\u011fu bilinci ile hareket edilir. \u00c7al\u0131\u015fanlar\u0131m\u0131z\u0131n geli\u015fimine f\u0131rsat ve katk\u0131&hellip;<\/p>","protected":false},"author":1,"featured_media":0,"parent":0,"menu_order":0,"comment_status":"closed","ping_status":"closed","template":"","meta":{"footnotes":""},"_links":{"self":[{"href":"https:\/\/gokrail.com\/en\/wp-json\/wp\/v2\/pages\/7246"}],"collection":[{"href":"https:\/\/gokrail.com\/en\/wp-json\/wp\/v2\/pages"}],"about":[{"href":"https:\/\/gokrail.com\/en\/wp-json\/wp\/v2\/types\/page"}],"author":[{"embeddable":true,"href":"https:\/\/gokrail.com\/en\/wp-json\/wp\/v2\/users\/1"}],"replies":[{"embeddable":true,"href":"https:\/\/gokrail.com\/en\/wp-json\/wp\/v2\/comments?post=7246"}],"version-history":[{"count":4,"href":"https:\/\/gokrail.com\/en\/wp-json\/wp\/v2\/pages\/7246\/revisions"}],"predecessor-version":[{"id":7275,"href":"https:\/\/gokrail.com\/en\/wp-json\/wp\/v2\/pages\/7246\/revisions\/7275"}],"wp:attachment":[{"href":"https:\/\/gokrail.com\/en\/wp-json\/wp\/v2\/media?parent=7246"}],"curies":[{"name":"wp","href":"https:\/\/api.w.org\/{rel}","templated":true}]}}