{"id":6600,"date":"2023-10-19T22:27:19","date_gmt":"2023-10-19T19:27:19","guid":{"rendered":"https:\/\/gokrail.com\/?page_id=6600"},"modified":"2025-02-28T00:06:28","modified_gmt":"2025-02-27T21:06:28","slug":"entegre-yonetim-sistem-politikamiz","status":"publish","type":"page","link":"https:\/\/gokrail.com\/en\/entegre-yonetim-sistem-politikamiz\/","title":{"rendered":"Integrated Management System Policy"},"content":{"rendered":"<div data-elementor-type=\"wp-page\" data-elementor-id=\"6600\" class=\"elementor elementor-6600\">\n\t\t\t\t\t\t\t\t\t<section class=\"elementor-section elementor-top-section elementor-element elementor-element-bcbeea3 elementor-section-boxed elementor-section-height-default elementor-section-height-default sc_fly_static\" data-id=\"bcbeea3\" data-element_type=\"section\">\n\t\t\t\t\t\t<div class=\"elementor-container elementor-column-gap-extended\">\n\t\t\t\t\t<div class=\"elementor-column elementor-col-100 elementor-top-column elementor-element elementor-element-ab0f2ba sc_inner_width_none sc_content_align_inherit sc_layouts_column_icons_position_left sc_fly_static\" data-id=\"ab0f2ba\" data-element_type=\"column\">\n\t\t\t<div class=\"elementor-widget-wrap elementor-element-populated\">\n\t\t\t\t\t\t\t\t<div class=\"elementor-element elementor-element-a125f81 sc_fly_static elementor-widget elementor-widget-text-editor\" data-id=\"a125f81\" data-element_type=\"widget\" data-widget_type=\"text-editor.default\">\n\t\t\t\t<div class=\"elementor-widget-container\">\n\t\t\t<style>\/*! elementor - v3.16.0 - 17-10-2023 *\/\n.elementor-widget-text-editor.elementor-drop-cap-view-stacked .elementor-drop-cap{background-color:#69727d;color:#fff}.elementor-widget-text-editor.elementor-drop-cap-view-framed .elementor-drop-cap{color:#69727d;border:3px solid;background-color:transparent}.elementor-widget-text-editor:not(.elementor-drop-cap-view-default) .elementor-drop-cap{margin-top:8px}.elementor-widget-text-editor:not(.elementor-drop-cap-view-default) .elementor-drop-cap-letter{width:1em;height:1em}.elementor-widget-text-editor .elementor-drop-cap{float:left;text-align:center;line-height:1;font-size:50px}.elementor-widget-text-editor .elementor-drop-cap-letter{display:inline-block}<\/style>\t\t\t\t<p style=\"text-align: center; text-indent: 14.2pt;\" align=\"center\"><b><span style=\"font-size: 16.0pt; mso-bidi-font-size: 11.0pt; line-height: 115%; mso-ascii-font-family: Calibri; mso-hansi-font-family: Calibri; mso-bidi-font-family: Calibri; color: #c00000;\">ENTEGRE Y\u00d6NET\u0130M S\u0130STEM POL\u0130T\u0130KAMIZ<\/span><\/b><\/p><p style=\"text-align: justify;\"><b><span style=\"mso-ascii-font-family: Calibri; mso-hansi-font-family: Calibri; mso-bidi-font-family: Calibri; color: #3366ff;\">\u00a0<\/span><\/b><\/p><p style=\"margin-left: 36.0pt; text-indent: -18.0pt; mso-list: l0 level1 lfo1; tab-stops: list 36.0pt;\"><!-- [if !supportLists]--><span style=\"font-family: 'Wingdings 3'; mso-fareast-font-family: 'Wingdings 3'; mso-bidi-font-family: 'Wingdings 3';\">\u00b4<span style=\"font-style: normal; font-variant-numeric: normal; font-variant-east-asian: normal; font-variant-alternates: normal; font-size-adjust: none; font-kerning: auto; font-optical-sizing: auto; font-feature-settings: normal; font-variation-settings: normal; font-variant-position: normal; font-variant-emoji: normal; font-weight: normal; font-stretch: normal; font-size: 7pt; line-height: normal; font-family: 'Times New Roman';\">\u00a0 <\/span><\/span><!--[endif]--><b><span style=\"font-family: 'Calibri',sans-serif; mso-fareast-font-family: 'Times New Roman'; mso-fareast-theme-font: minor-fareast;\">As G\u00d6KYAPI, our primary goal is to meet customer demands on time, accurately, and completely,<\/span><\/b><b><\/b><\/p><p style=\"margin-left: 36.0pt; text-indent: -18.0pt; mso-list: l0 level1 lfo1; tab-stops: list 36.0pt;\"><!-- [if !supportLists]--><span style=\"font-family: 'Wingdings 3'; mso-fareast-font-family: 'Wingdings 3'; mso-bidi-font-family: 'Wingdings 3';\">\u00b4<span style=\"font-style: normal; font-variant-numeric: normal; font-variant-east-asian: normal; font-variant-alternates: normal; font-size-adjust: none; font-kerning: auto; font-optical-sizing: auto; font-feature-settings: normal; font-variation-settings: normal; font-variant-position: normal; font-variant-emoji: normal; font-weight: normal; font-stretch: normal; font-size: 7pt; line-height: normal; font-family: 'Times New Roman';\">\u00a0 <\/span><\/span><!--[endif]--><b><span style=\"font-family: 'Calibri',sans-serif; mso-fareast-font-family: 'Times New Roman'; mso-fareast-theme-font: minor-fareast;\">To secure a place in the rapidly growing rail transport sector, <\/span><\/b><b><\/b><\/p><p style=\"margin-left: 36.0pt; text-indent: -18.0pt; mso-list: l0 level1 lfo1; tab-stops: list 36.0pt;\"><!-- [if !supportLists]--><span style=\"font-family: 'Wingdings 3'; mso-fareast-font-family: 'Wingdings 3'; mso-bidi-font-family: 'Wingdings 3';\">\u00b4<span style=\"font-style: normal; font-variant-numeric: normal; font-variant-east-asian: normal; font-variant-alternates: normal; font-size-adjust: none; font-kerning: auto; font-optical-sizing: auto; font-feature-settings: normal; font-variation-settings: normal; font-variant-position: normal; font-variant-emoji: normal; font-weight: normal; font-stretch: normal; font-size: 7pt; line-height: normal; font-family: 'Times New Roman';\">\u00a0 <\/span><\/span><!--[endif]--><b><span style=\"font-family: 'Calibri',sans-serif; mso-fareast-font-family: 'Times New Roman'; mso-fareast-theme-font: minor-fareast;\">By prioritizing research and development, to manufacture products of our own design,<\/span><\/b><b><\/b><\/p><p style=\"margin-left: 36.0pt; text-indent: -18.0pt; mso-list: l0 level1 lfo1; tab-stops: list 36.0pt;\"><!-- [if !supportLists]--><span style=\"font-family: 'Wingdings 3'; mso-fareast-font-family: 'Wingdings 3'; mso-bidi-font-family: 'Wingdings 3';\">\u00b4<span style=\"font-style: normal; font-variant-numeric: normal; font-variant-east-asian: normal; font-variant-alternates: normal; font-size-adjust: none; font-kerning: auto; font-optical-sizing: auto; font-feature-settings: normal; font-variation-settings: normal; font-variant-position: normal; font-variant-emoji: normal; font-weight: normal; font-stretch: normal; font-size: 7pt; line-height: normal; font-family: 'Times New Roman';\">\u00a0 <\/span><\/span><!--[endif]--><b><span style=\"font-family: 'Calibri',sans-serif; mso-fareast-font-family: 'Times New Roman'; mso-fareast-theme-font: minor-fareast;\">To ensure customer satisfaction,<\/span><\/b><b><\/b><\/p><p style=\"margin-left: 36.0pt; text-indent: -18.0pt; mso-list: l0 level1 lfo1; tab-stops: list 36.0pt;\"><!-- [if !supportLists]--><span style=\"font-family: 'Wingdings 3'; mso-fareast-font-family: 'Wingdings 3'; mso-bidi-font-family: 'Wingdings 3';\">\u00b4<span style=\"font-style: normal; font-variant-numeric: normal; font-variant-east-asian: normal; font-variant-alternates: normal; font-size-adjust: none; font-kerning: auto; font-optical-sizing: auto; font-feature-settings: normal; font-variation-settings: normal; font-variant-position: normal; font-variant-emoji: normal; font-weight: normal; font-stretch: normal; font-size: 7pt; line-height: normal; font-family: 'Times New Roman';\">\u00a0 <\/span><\/span><!--[endif]--><b><span style=\"font-family: 'Calibri',sans-serif; mso-fareast-font-family: 'Times New Roman'; mso-fareast-theme-font: minor-fareast;\">To establish risk-based thinking and continuous improvement of system performance as our core philosophy in the Integrated Management System,<\/span><\/b><b><\/b><\/p><p style=\"margin-left: 36.0pt; text-indent: -18.0pt; mso-list: l0 level1 lfo1; tab-stops: list 36.0pt;\"><!-- [if !supportLists]--><span style=\"font-family: 'Wingdings 3'; mso-fareast-font-family: 'Wingdings 3'; mso-bidi-font-family: 'Wingdings 3';\">\u00b4<span style=\"font-style: normal; font-variant-numeric: normal; font-variant-east-asian: normal; font-variant-alternates: normal; font-size-adjust: none; font-kerning: auto; font-optical-sizing: auto; font-feature-settings: normal; font-variation-settings: normal; font-variant-position: normal; font-variant-emoji: normal; font-weight: normal; font-stretch: normal; font-size: 7pt; line-height: normal; font-family: 'Times New Roman';\">\u00a0 <\/span><\/span><!--[endif]--><b><span style=\"font-family: 'Calibri',sans-serif; mso-fareast-font-family: 'Times New Roman'; mso-fareast-theme-font: minor-fareast;\">To provide a framework for setting objectives within the Integrated Management System,<\/span><\/b><b><\/b><\/p><p style=\"margin-left: 36.0pt; text-indent: -18.0pt; mso-list: l0 level1 lfo1; tab-stops: list 36.0pt;\"><!-- [if !supportLists]--><span style=\"font-family: 'Wingdings 3'; mso-fareast-font-family: 'Wingdings 3'; mso-bidi-font-family: 'Wingdings 3';\">\u00b4<span style=\"font-style: normal; font-variant-numeric: normal; font-variant-east-asian: normal; font-variant-alternates: normal; font-size-adjust: none; font-kerning: auto; font-optical-sizing: auto; font-feature-settings: normal; font-variation-settings: normal; font-variant-position: normal; font-variant-emoji: normal; font-weight: normal; font-stretch: normal; font-size: 7pt; line-height: normal; font-family: 'Times New Roman';\">\u00a0 <\/span><\/span><!--[endif]--><b><span style=\"font-family: 'Calibri',sans-serif; mso-fareast-font-family: 'Times New Roman'; mso-fareast-theme-font: minor-fareast;\">To recognize a healthy supplier-organization relationship as an integral part of customer satisfaction,<\/span><\/b><b><\/b><\/p><p style=\"margin-left: 36.0pt; text-indent: -18.0pt; mso-list: l0 level1 lfo1; tab-stops: list 36.0pt;\"><!-- [if !supportLists]--><span style=\"font-family: 'Wingdings 3'; mso-fareast-font-family: 'Wingdings 3'; mso-bidi-font-family: 'Wingdings 3';\">\u00b4<span style=\"font-style: normal; font-variant-numeric: normal; font-variant-east-asian: normal; font-variant-alternates: normal; font-size-adjust: none; font-kerning: auto; font-optical-sizing: auto; font-feature-settings: normal; font-variation-settings: normal; font-variant-position: normal; font-variant-emoji: normal; font-weight: normal; font-stretch: normal; font-size: 7pt; line-height: normal; font-family: 'Times New Roman';\">\u00a0 <\/span><\/span><!--[endif]--><b><span style=\"font-family: 'Calibri',sans-serif; mso-fareast-font-family: 'Times New Roman'; mso-fareast-theme-font: minor-fareast;\">Faaliyetlerimizde i\u015f sa\u011fl\u0131\u011f\u0131 ve g\u00fcvenli\u011fini sa\u011flamaya, sa\u011fl\u0131\u011f\u0131n bozulmas\u0131n\u0131 ve i\u015f kazalar\u0131n\u0131 \u00f6nlemeye y\u00f6nelik sistemler geli\u015ftirmek,<\/span><\/b><b><\/b><\/p><p style=\"margin-left: 36.0pt; text-indent: -18.0pt; mso-list: l0 level1 lfo1; tab-stops: list 36.0pt;\"><!-- [if !supportLists]--><span style=\"font-family: 'Wingdings 3'; mso-fareast-font-family: 'Wingdings 3'; mso-bidi-font-family: 'Wingdings 3';\">\u00b4<span style=\"font-style: normal; font-variant-numeric: normal; font-variant-east-asian: normal; font-variant-alternates: normal; font-size-adjust: none; font-kerning: auto; font-optical-sizing: auto; font-feature-settings: normal; font-variation-settings: normal; font-variant-position: normal; font-variant-emoji: normal; font-weight: normal; font-stretch: normal; font-size: 7pt; line-height: normal; font-family: 'Times New Roman';\">\u00a0 <\/span><\/span><!--[endif]--><b><span style=\"font-family: 'Calibri',sans-serif; mso-fareast-font-family: 'Times New Roman'; mso-fareast-theme-font: minor-fareast;\">Tehlikelerin ortadan kald\u0131r\u0131lmas\u0131 ve \u00e7al\u0131\u015fma ortam\u0131nda ortaya \u00e7\u0131kabilecek \u0130SG risklerinin \u00a0analiz edilerek minimize edilmesini sa\u011flamak,<\/span><\/b><b><\/b><\/p><p style=\"margin-left: 36.0pt; text-indent: -18.0pt; mso-list: l0 level1 lfo1; tab-stops: list 36.0pt;\"><!-- [if !supportLists]--><span style=\"font-family: 'Wingdings 3'; mso-fareast-font-family: 'Wingdings 3'; mso-bidi-font-family: 'Wingdings 3';\">\u00b4<span style=\"font-style: normal; font-variant-numeric: normal; font-variant-east-asian: normal; font-variant-alternates: normal; font-size-adjust: none; font-kerning: auto; font-optical-sizing: auto; font-feature-settings: normal; font-variation-settings: normal; font-variant-position: normal; font-variant-emoji: normal; font-weight: normal; font-stretch: normal; font-size: 7pt; line-height: normal; font-family: 'Times New Roman';\">\u00a0 <\/span><\/span><!--[endif]--><b><span style=\"font-family: 'Calibri',sans-serif; mso-fareast-font-family: 'Times New Roman'; mso-fareast-theme-font: minor-fareast;\">To consult with employees and their representatives, ensuring their participation,<\/span><\/b><b><\/b><\/p><p style=\"margin-left: 36.0pt; text-indent: -18.0pt; mso-list: l0 level1 lfo1; tab-stops: list 36.0pt;\"><!-- [if !supportLists]--><span style=\"font-family: 'Wingdings 3'; mso-fareast-font-family: 'Wingdings 3'; mso-bidi-font-family: 'Wingdings 3';\">\u00b4<span style=\"font-style: normal; font-variant-numeric: normal; font-variant-east-asian: normal; font-variant-alternates: normal; font-size-adjust: none; font-kerning: auto; font-optical-sizing: auto; font-feature-settings: normal; font-variation-settings: normal; font-variant-position: normal; font-variant-emoji: normal; font-weight: normal; font-stretch: normal; font-size: 7pt; line-height: normal; font-family: 'Times New Roman';\">\u00a0 <\/span><\/span><!--[endif]--><b><span style=\"font-family: 'Calibri',sans-serif; mso-fareast-font-family: 'Times New Roman'; mso-fareast-theme-font: minor-fareast;\">Do\u011fal \u00e7evremizi korumaya odaklanarak, insana ve \u00e7evreye sayg\u0131l\u0131 olmak,\u00a0kirlili\u011fi kayna\u011f\u0131nda \u00f6nlenmek,<\/span><\/b><b><\/b><\/p><p style=\"margin-left: 36.0pt; text-indent: -18.0pt; mso-list: l0 level1 lfo1; tab-stops: list 36.0pt;\"><!-- [if !supportLists]--><span style=\"font-family: 'Wingdings 3'; mso-fareast-font-family: 'Wingdings 3'; mso-bidi-font-family: 'Wingdings 3';\">\u00b4<span style=\"font-style: normal; font-variant-numeric: normal; font-variant-east-asian: normal; font-variant-alternates: normal; font-size-adjust: none; font-kerning: auto; font-optical-sizing: auto; font-feature-settings: normal; font-variation-settings: normal; font-variant-position: normal; font-variant-emoji: normal; font-weight: normal; font-stretch: normal; font-size: 7pt; line-height: normal; font-family: 'Times New Roman';\">\u00a0 <\/span><\/span><!--[endif]--><b><span style=\"font-family: 'Calibri',sans-serif; mso-fareast-font-family: 'Times New Roman'; mso-fareast-theme-font: minor-fareast;\">\u00c7al\u0131\u015fma ortam\u0131nda ortaya \u00e7\u0131kabilecek \u00f6nemli \u00e7evresel boyutlar\u0131 \u00a0analiz ederek minimize etmek,<\/span><\/b><b><\/b><\/p><p style=\"margin-left: 36.0pt; text-indent: -18.0pt; mso-list: l0 level1 lfo1; tab-stops: list 36.0pt;\"><!-- [if !supportLists]--><span style=\"font-family: 'Wingdings 3'; mso-fareast-font-family: 'Wingdings 3'; mso-bidi-font-family: 'Wingdings 3';\">\u00b4<span style=\"font-style: normal; font-variant-numeric: normal; font-variant-east-asian: normal; font-variant-alternates: normal; font-size-adjust: none; font-kerning: auto; font-optical-sizing: auto; font-feature-settings: normal; font-variation-settings: normal; font-variant-position: normal; font-variant-emoji: normal; font-weight: normal; font-stretch: normal; font-size: 7pt; line-height: normal; font-family: 'Times New Roman';\">\u00a0 <\/span><\/span><!--[endif]--><b><span style=\"font-family: 'Calibri',sans-serif; mso-fareast-font-family: 'Times New Roman'; mso-fareast-theme-font: minor-fareast;\">To continuously train all personnel with a participatory policy for quality production and sales, while maintaining a strong team spirit,<\/span><\/b><b><\/b><\/p><p style=\"margin-left: 36.0pt; text-indent: -18.0pt; mso-list: l0 level1 lfo1; tab-stops: list 36.0pt;\"><!-- [if !supportLists]--><span style=\"font-family: 'Wingdings 3'; mso-fareast-font-family: 'Wingdings 3'; mso-bidi-font-family: 'Wingdings 3';\">\u00b4<span style=\"font-style: normal; font-variant-numeric: normal; font-variant-east-asian: normal; font-variant-alternates: normal; font-size-adjust: none; font-kerning: auto; font-optical-sizing: auto; font-feature-settings: normal; font-variation-settings: normal; font-variant-position: normal; font-variant-emoji: normal; font-weight: normal; font-stretch: normal; font-size: 7pt; line-height: normal; font-family: 'Times New Roman';\">\u00a0 <\/span><\/span><!--[endif]--><b><span style=\"font-family: 'Calibri',sans-serif; mso-fareast-font-family: 'Times New Roman'; mso-fareast-theme-font: minor-fareast;\">To regard compliance with legal and regulatory requirements as a commitment to the community we live in and to third parties.<\/span><\/b><b><\/b><\/p><p style=\"margin-left: 0cm; text-indent: 0cm; line-height: normal;\"><b><i><span style=\"mso-bidi-font-size: 12.0pt; font-family: 'Calibri',sans-serif;\">\u00a0<\/span><\/i><\/b><\/p><p style=\"margin-left: 318.6pt; text-indent: 0cm; line-height: normal;\"><b><i><span style=\"mso-bidi-font-size: 12.0pt; font-family: 'Calibri',sans-serif;\">\u00a0<\/span><\/i><\/b><\/p><p style=\"margin-left: 318.6pt; text-indent: 35.4pt; line-height: normal;\"><b><i><span style=\"mso-bidi-font-size: 12.0pt; font-family: 'Calibri',sans-serif;\">\u00a0 \u00a0 \u00a0 \u00a0 \u00a0 \u00a0 \u00a0 \u00a0 \u00a0 \u00a0 \u00a0 \u00a0 \u00a0 \u00a0 \u00a0 \u00a0 \u00a0 \u00a0 \u00a0 \u00a0 \u00a0 \u00a0 \u00a0 \u00a0 \u00a0 \u00a0 \u00a0 \u00a0 \u00a0 \u00a0 \u00a0 \u00a0 \u00a0 \u00a0 \u00a0 \u00a0 \u00a0 \u00a0 \u00a0 \u00a0 \u00a0 \u00a0 \u00a0 \u00a0 \u00a0 \u00a0 \u00a0 \u00a0 \u00a0 \u00a0 \u00a0 \u00a0 \u00a0 \u00a0 \u00a0 \u00a0 \u00a0 \u00a0General Manager<\/span><\/i><\/b><\/p><p style=\"margin-left: 318.6pt; text-indent: 35.4pt; line-height: normal;\"><b style=\"font-family: inherit; background-color: var(--theme-color-bg_color); color: var(--theme-color-text); letter-spacing: 0px;\"><span style=\"font-family: Calibri, sans-serif;\"><i>\u00a0 \u00a0 \u00a0 \u00a0 \u00a0 \u00a0 \u00a0 \u00a0 \u00a0 \u00a0 \u00a0 \u00a0 \u00a0 \u00a0 \u00a0 \u00a0 \u00a0 \u00a0 \u00a0 \u00a0 \u00a0 \u00a0 \u00a0 \u00a0 \u00a0 \u00a0 \u00a0 \u00a0 \u00a0 \u00a0 \u00a0 \u00a0 \u00a0 \u00a0 \u00a0 \u00a0 \u00a0 \u00a0 \u00a0 \u00a0 \u00a0 \u00a0 \u00a0 \u00a0 \u00a0 \u00a0 \u00a0 \u00a0 \u00a0 \u00a0 \u00a0 \u00a0 \u00a0 \u00a0 \u00a0 \u00a0 \u00a0\u00a0<\/i><span style=\"font-style: inherit;\">\u00a0Nurettin YILDIRIM<\/span><\/span><\/b><\/p><p style=\"text-align: center; text-indent: 14.2pt;\" align=\"center\">\u00a0<\/p><p style=\"margin-left: 318.6pt; text-indent: 0cm; line-height: normal;\"><b><i><span style=\"mso-bidi-font-size: 12.0pt; font-family: 'Calibri',sans-serif;\">\u00a0<\/span><\/i><\/b><\/p>\t\t\t\t\t\t<\/div>\n\t\t\t\t<\/div>\n\t\t\t\t\t<\/div>\n\t\t<\/div>\n\t\t\t\t\t\t\t<\/div>\n\t\t<\/section>\n\t\t\t\t\t\t\t<\/div>","protected":false},"excerpt":{"rendered":"<p>ENTEGRE Y\u00d6NET\u0130M S\u0130STEM POL\u0130T\u0130KAMIZ \u00a0 \u00b4\u00a0 G\u00d6KYAPI olarak ilk hedef, m\u00fc\u015fteri talebini zaman\u0131nda, do\u011fru ve tam olarak kar\u015f\u0131lamak, \u00b4\u00a0 H\u0131zla b\u00fcy\u00fcyen rayl\u0131 ta\u015f\u0131ma sekt\u00f6r\u00fcnde yer alabilmek, \u00b4\u00a0 Ara\u015ft\u0131rma ve geli\u015ftirmeye&hellip;<\/p>","protected":false},"author":1,"featured_media":0,"parent":0,"menu_order":0,"comment_status":"closed","ping_status":"closed","template":"","meta":{"footnotes":""},"_links":{"self":[{"href":"https:\/\/gokrail.com\/en\/wp-json\/wp\/v2\/pages\/6600"}],"collection":[{"href":"https:\/\/gokrail.com\/en\/wp-json\/wp\/v2\/pages"}],"about":[{"href":"https:\/\/gokrail.com\/en\/wp-json\/wp\/v2\/types\/page"}],"author":[{"embeddable":true,"href":"https:\/\/gokrail.com\/en\/wp-json\/wp\/v2\/users\/1"}],"replies":[{"embeddable":true,"href":"https:\/\/gokrail.com\/en\/wp-json\/wp\/v2\/comments?post=6600"}],"version-history":[{"count":13,"href":"https:\/\/gokrail.com\/en\/wp-json\/wp\/v2\/pages\/6600\/revisions"}],"predecessor-version":[{"id":7687,"href":"https:\/\/gokrail.com\/en\/wp-json\/wp\/v2\/pages\/6600\/revisions\/7687"}],"wp:attachment":[{"href":"https:\/\/gokrail.com\/en\/wp-json\/wp\/v2\/media?parent=6600"}],"curies":[{"name":"wp","href":"https:\/\/api.w.org\/{rel}","templated":true}]}}