{"id":6521,"date":"2023-10-19T20:51:26","date_gmt":"2023-10-19T17:51:26","guid":{"rendered":"https:\/\/gokrail.com\/?page_id=6521"},"modified":"2023-11-10T14:01:18","modified_gmt":"2023-11-10T11:01:18","slug":"izlenebilirlik","status":"publish","type":"page","link":"https:\/\/gokrail.com\/en\/izlenebilirlik\/","title":{"rendered":"Traceability"},"content":{"rendered":"<div data-elementor-type=\"wp-page\" data-elementor-id=\"6521\" class=\"elementor elementor-6521\">\n\t\t\t\t\t\t\t\t\t<section class=\"elementor-section elementor-top-section elementor-element elementor-element-34a82f5 elementor-section-boxed elementor-section-height-default elementor-section-height-default sc_fly_static\" data-id=\"34a82f5\" data-element_type=\"section\">\n\t\t\t\t\t\t<div class=\"elementor-container elementor-column-gap-extended\">\n\t\t\t\t\t<div class=\"elementor-column elementor-col-100 elementor-top-column elementor-element elementor-element-1ab7423 sc_inner_width_none sc_content_align_inherit sc_layouts_column_icons_position_left sc_fly_static\" data-id=\"1ab7423\" data-element_type=\"column\">\n\t\t\t<div class=\"elementor-widget-wrap elementor-element-populated\">\n\t\t\t\t\t\t\t\t<div class=\"elementor-element elementor-element-0babb38 gallery-spacing-custom sc_fly_static elementor-widget elementor-widget-image-gallery\" data-id=\"0babb38\" data-element_type=\"widget\" data-widget_type=\"image-gallery.default\">\n\t\t\t\t<div class=\"elementor-widget-container\">\n\t\t\t<style>.elementor-image-gallery .gallery-item{display:inline-block;text-align:center;vertical-align:top;width:100%;max-width:100%;margin:0 auto}.elementor-image-gallery .gallery-item img{margin:0 auto}.elementor-image-gallery .gallery-item .gallery-caption{margin:0}.elementor-image-gallery figure img{display:block}.elementor-image-gallery figure figcaption{width:100%}.gallery-spacing-custom .elementor-image-gallery .gallery-icon{padding:0}@media (min-width:768px){.elementor-image-gallery .gallery-columns-2 .gallery-item{max-width:50%}.elementor-image-gallery .gallery-columns-3 .gallery-item{max-width:33.33%}.elementor-image-gallery .gallery-columns-4 .gallery-item{max-width:25%}.elementor-image-gallery .gallery-columns-5 .gallery-item{max-width:20%}.elementor-image-gallery .gallery-columns-6 .gallery-item{max-width:16.666%}.elementor-image-gallery .gallery-columns-7 .gallery-item{max-width:14.28%}.elementor-image-gallery .gallery-columns-8 .gallery-item{max-width:12.5%}.elementor-image-gallery .gallery-columns-9 .gallery-item{max-width:11.11%}.elementor-image-gallery .gallery-columns-10 .gallery-item{max-width:10%}}@media (min-width:480px) and (max-width:767px){.elementor-image-gallery .gallery.gallery-columns-2 .gallery-item,.elementor-image-gallery .gallery.gallery-columns-3 .gallery-item,.elementor-image-gallery .gallery.gallery-columns-4 .gallery-item,.elementor-image-gallery .gallery.gallery-columns-5 .gallery-item,.elementor-image-gallery .gallery.gallery-columns-6 .gallery-item,.elementor-image-gallery .gallery.gallery-columns-7 .gallery-item,.elementor-image-gallery .gallery.gallery-columns-8 .gallery-item,.elementor-image-gallery .gallery.gallery-columns-9 .gallery-item,.elementor-image-gallery .gallery.gallery-columns-10 .gallery-item{max-width:50%}}@media (max-width:479px){.elementor-image-gallery .gallery.gallery-columns-2 .gallery-item,.elementor-image-gallery .gallery.gallery-columns-3 .gallery-item,.elementor-image-gallery .gallery.gallery-columns-4 .gallery-item,.elementor-image-gallery .gallery.gallery-columns-5 .gallery-item,.elementor-image-gallery .gallery.gallery-columns-6 .gallery-item,.elementor-image-gallery .gallery.gallery-columns-7 .gallery-item,.elementor-image-gallery .gallery.gallery-columns-8 .gallery-item,.elementor-image-gallery .gallery.gallery-columns-9 .gallery-item,.elementor-image-gallery .gallery.gallery-columns-10 .gallery-item{max-width:100%}}<\/style>\t\t<div class=\"elementor-image-gallery\">\n\t\t\t<div id='gallery-1' class='gallery galleryid-6521 gallery-columns-3 gallery-size-trx_addons-thumb-small'><figure class='gallery-item'>\n\t\t\t<div class='gallery-icon landscape'>\n\t\t\t\t<a data-elementor-open-lightbox=\"yes\" data-elementor-lightbox-slideshow=\"0babb38\" data-elementor-lightbox-title=\"\u0130zlenebilirlik\" data-e-action-hash=\"#elementor-action%3Aaction%3Dlightbox%26settings%3DeyJpZCI6NjUyNCwidXJsIjoiaHR0cHM6XC9cL2dva3JhaWwuY29tXC93cC1jb250ZW50XC91cGxvYWRzXC8yMDIzXC8xMFwvaXpsZW5lYmlsaXJsaWstMS5wbmciLCJzbGlkZXNob3ciOiIwYmFiYjM4In0%3D\" href='https:\/\/gokrail.com\/wp-content\/uploads\/2023\/10\/izlenebilirlik-1.png'><img width=\"270\" height=\"152\" src=\"https:\/\/gokrail.com\/wp-content\/uploads\/2023\/10\/izlenebilirlik-1-270x152.png\" class=\"attachment-trx_addons-thumb-small size-trx_addons-thumb-small\" alt=\"\" decoding=\"async\" loading=\"lazy\" srcset=\"https:\/\/gokrail.com\/wp-content\/uploads\/2023\/10\/izlenebilirlik-1-270x152.png 270w, https:\/\/gokrail.com\/wp-content\/uploads\/2023\/10\/izlenebilirlik-1-840x473.png 840w, https:\/\/gokrail.com\/wp-content\/uploads\/2023\/10\/izlenebilirlik-1-410x230.png 410w\" sizes=\"(max-width: 270px) 100vw, 270px\" \/><\/a>\n\t\t\t<\/div><\/figure><figure class='gallery-item'>\n\t\t\t<div class='gallery-icon landscape'>\n\t\t\t\t<a data-elementor-open-lightbox=\"yes\" data-elementor-lightbox-slideshow=\"0babb38\" data-elementor-lightbox-title=\"\u0130zlenebilirlik\" data-e-action-hash=\"#elementor-action%3Aaction%3Dlightbox%26settings%3DeyJpZCI6NjUyNSwidXJsIjoiaHR0cHM6XC9cL2dva3JhaWwuY29tXC93cC1jb250ZW50XC91cGxvYWRzXC8yMDIzXC8xMFwvaXpsZW5lYmlsaXJsaWstMi5wbmciLCJzbGlkZXNob3ciOiIwYmFiYjM4In0%3D\" href='https:\/\/gokrail.com\/wp-content\/uploads\/2023\/10\/izlenebilirlik-2.png'><img width=\"270\" height=\"152\" src=\"https:\/\/gokrail.com\/wp-content\/uploads\/2023\/10\/izlenebilirlik-2-270x152.png\" class=\"attachment-trx_addons-thumb-small size-trx_addons-thumb-small\" alt=\"\" decoding=\"async\" loading=\"lazy\" srcset=\"https:\/\/gokrail.com\/wp-content\/uploads\/2023\/10\/izlenebilirlik-2-270x152.png 270w, https:\/\/gokrail.com\/wp-content\/uploads\/2023\/10\/izlenebilirlik-2-840x473.png 840w, https:\/\/gokrail.com\/wp-content\/uploads\/2023\/10\/izlenebilirlik-2-410x230.png 410w\" sizes=\"(max-width: 270px) 100vw, 270px\" \/><\/a>\n\t\t\t<\/div><\/figure><figure class='gallery-item'>\n\t\t\t<div class='gallery-icon landscape'>\n\t\t\t\t<a data-elementor-open-lightbox=\"yes\" data-elementor-lightbox-slideshow=\"0babb38\" data-elementor-lightbox-title=\"\u0130zlenebilirlik\" data-e-action-hash=\"#elementor-action%3Aaction%3Dlightbox%26settings%3DeyJpZCI6NjUyNiwidXJsIjoiaHR0cHM6XC9cL2dva3JhaWwuY29tXC93cC1jb250ZW50XC91cGxvYWRzXC8yMDIzXC8xMFwvaXpsZW5lYmlsaXJsaWstMy5wbmciLCJzbGlkZXNob3ciOiIwYmFiYjM4In0%3D\" href='https:\/\/gokrail.com\/wp-content\/uploads\/2023\/10\/izlenebilirlik-3.png'><img width=\"270\" height=\"152\" src=\"https:\/\/gokrail.com\/wp-content\/uploads\/2023\/10\/izlenebilirlik-3-270x152.png\" class=\"attachment-trx_addons-thumb-small size-trx_addons-thumb-small\" alt=\"\" decoding=\"async\" loading=\"lazy\" srcset=\"https:\/\/gokrail.com\/wp-content\/uploads\/2023\/10\/izlenebilirlik-3-270x152.png 270w, https:\/\/gokrail.com\/wp-content\/uploads\/2023\/10\/izlenebilirlik-3-840x473.png 840w, https:\/\/gokrail.com\/wp-content\/uploads\/2023\/10\/izlenebilirlik-3-410x230.png 410w\" sizes=\"(max-width: 270px) 100vw, 270px\" \/><\/a>\n\t\t\t<\/div><\/figure>\n\t\t<\/div>\n\t\t<\/div>\n\t\t\t\t<\/div>\n\t\t\t\t<\/div>\n\t\t\t\t\t<\/div>\n\t\t<\/div>\n\t\t\t\t\t\t\t<\/div>\n\t\t<\/section>\n\t\t\t\t<section class=\"elementor-section elementor-top-section elementor-element elementor-element-bc7164e elementor-section-boxed elementor-section-height-default elementor-section-height-default sc_fly_static\" data-id=\"bc7164e\" data-element_type=\"section\">\n\t\t\t\t\t\t<div class=\"elementor-container elementor-column-gap-extended\">\n\t\t\t\t\t<div class=\"elementor-column elementor-col-50 elementor-top-column elementor-element elementor-element-9a0d3e9 sc_inner_width_none sc_content_align_inherit sc_layouts_column_icons_position_left sc_fly_static\" data-id=\"9a0d3e9\" data-element_type=\"column\">\n\t\t\t<div class=\"elementor-widget-wrap elementor-element-populated\">\n\t\t\t\t\t\t\t\t<div class=\"elementor-element elementor-element-0365299 sc_fly_static elementor-widget elementor-widget-heading\" data-id=\"0365299\" data-element_type=\"widget\" data-widget_type=\"heading.default\">\n\t\t\t\t<div class=\"elementor-widget-container\">\n\t\t\t<style>\/*! elementor - v3.16.0 - 17-10-2023 *\/\n.elementor-heading-title{padding:0;margin:0;line-height:1}.elementor-widget-heading .elementor-heading-title[class*=elementor-size-]>a{color:inherit;font-size:inherit;line-height:inherit}.elementor-widget-heading .elementor-heading-title.elementor-size-small{font-size:15px}.elementor-widget-heading .elementor-heading-title.elementor-size-medium{font-size:19px}.elementor-widget-heading .elementor-heading-title.elementor-size-large{font-size:29px}.elementor-widget-heading .elementor-heading-title.elementor-size-xl{font-size:39px}.elementor-widget-heading .elementor-heading-title.elementor-size-xxl{font-size:59px}<\/style><h4 class=\"elementor-heading-title elementor-size-default\">Brief Introduction of ERP Instructors<\/h4>\t\t<\/div>\n\t\t\t\t<\/div>\n\t\t\t\t<div class=\"elementor-element elementor-element-bedb25b sc_fly_static elementor-widget elementor-widget-video\" data-id=\"bedb25b\" data-element_type=\"widget\" data-settings=\"{&quot;youtube_url&quot;:&quot;https:\\\/\\\/youtu.be\\\/IZmSLAvokz4&quot;,&quot;video_type&quot;:&quot;youtube&quot;,&quot;controls&quot;:&quot;yes&quot;}\" data-widget_type=\"video.default\">\n\t\t\t\t<div class=\"elementor-widget-container\">\n\t\t\t<style>\/*! elementor - v3.16.0 - 17-10-2023 *\/\n.elementor-widget-video .elementor-widget-container{overflow:hidden;transform:translateZ(0)}.elementor-widget-video .elementor-wrapper{aspect-ratio:var(--video-aspect-ratio)}.elementor-widget-video .elementor-wrapper iframe,.elementor-widget-video .elementor-wrapper video{height:100%;width:100%;display:flex;border:none;background-color:#000}@supports not (aspect-ratio:1\/1){.elementor-widget-video .elementor-wrapper{position:relative;overflow:hidden;height:0;padding-bottom:calc(100% \/ var(--video-aspect-ratio))}.elementor-widget-video .elementor-wrapper iframe,.elementor-widget-video .elementor-wrapper video{position:absolute;top:0;right:0;bottom:0;left:0}}.elementor-widget-video .elementor-open-inline .elementor-custom-embed-image-overlay{position:absolute;top:0;right:0;bottom:0;left:0;background-size:cover;background-position:50%}.elementor-widget-video .elementor-custom-embed-image-overlay{cursor:pointer;text-align:center}.elementor-widget-video .elementor-custom-embed-image-overlay:hover .elementor-custom-embed-play i{opacity:1}.elementor-widget-video .elementor-custom-embed-image-overlay img{display:block;width:100%;aspect-ratio:var(--video-aspect-ratio);-o-object-fit:cover;object-fit:cover;-o-object-position:center center;object-position:center center}@supports not (aspect-ratio:1\/1){.elementor-widget-video .elementor-custom-embed-image-overlay{position:relative;overflow:hidden;height:0;padding-bottom:calc(100% \/ var(--video-aspect-ratio))}.elementor-widget-video .elementor-custom-embed-image-overlay img{position:absolute;top:0;right:0;bottom:0;left:0}}.elementor-widget-video .e-hosted-video .elementor-video{-o-object-fit:cover;object-fit:cover}.e-con-inner>.elementor-widget-video,.e-con>.elementor-widget-video{width:var(--container-widget-width);--flex-grow:var(--container-widget-flex-grow)}<\/style>\t\t<div class=\"elementor-wrapper elementor-open-inline\">\n\t\t\t<div class=\"elementor-video\"><\/div>\t\t<\/div>\n\t\t\t\t<\/div>\n\t\t\t\t<\/div>\n\t\t\t\t\t<\/div>\n\t\t<\/div>\n\t\t\t\t<div class=\"elementor-column elementor-col-50 elementor-top-column elementor-element elementor-element-b1a69f8 sc_inner_width_none sc_content_align_inherit sc_layouts_column_icons_position_left sc_fly_static\" data-id=\"b1a69f8\" data-element_type=\"column\">\n\t\t\t<div class=\"elementor-widget-wrap elementor-element-populated\">\n\t\t\t\t\t\t\t\t<div class=\"elementor-element elementor-element-35b60f9 sc_fly_static elementor-widget elementor-widget-heading\" data-id=\"35b60f9\" data-element_type=\"widget\" data-widget_type=\"heading.default\">\n\t\t\t\t<div class=\"elementor-widget-container\">\n\t\t\t<h4 class=\"elementor-heading-title elementor-size-default\">Brief Introduction of V\u0130RAMES<\/h4>\t\t<\/div>\n\t\t\t\t<\/div>\n\t\t\t\t<div class=\"elementor-element elementor-element-5574782 sc_fly_static elementor-widget elementor-widget-video\" data-id=\"5574782\" data-element_type=\"widget\" data-settings=\"{&quot;youtube_url&quot;:&quot;https:\\\/\\\/youtu.be\\\/4g3PjmaBoeI&quot;,&quot;video_type&quot;:&quot;youtube&quot;,&quot;controls&quot;:&quot;yes&quot;}\" data-widget_type=\"video.default\">\n\t\t\t\t<div class=\"elementor-widget-container\">\n\t\t\t\t\t<div class=\"elementor-wrapper elementor-open-inline\">\n\t\t\t<div class=\"elementor-video\"><\/div>\t\t<\/div>\n\t\t\t\t<\/div>\n\t\t\t\t<\/div>\n\t\t\t\t\t<\/div>\n\t\t<\/div>\n\t\t\t\t\t\t\t<\/div>\n\t\t<\/section>\n\t\t\t\t<section class=\"elementor-section elementor-top-section elementor-element elementor-element-bcbeea3 elementor-section-boxed elementor-section-height-default elementor-section-height-default sc_fly_static\" data-id=\"bcbeea3\" data-element_type=\"section\">\n\t\t\t\t\t\t<div class=\"elementor-container elementor-column-gap-extended\">\n\t\t\t\t\t<div class=\"elementor-column elementor-col-100 elementor-top-column elementor-element elementor-element-ab0f2ba sc_inner_width_none sc_content_align_inherit sc_layouts_column_icons_position_left sc_fly_static\" data-id=\"ab0f2ba\" data-element_type=\"column\">\n\t\t\t<div class=\"elementor-widget-wrap elementor-element-populated\">\n\t\t\t\t\t\t\t\t<div class=\"elementor-element elementor-element-884b1d8 sc_fly_static elementor-widget elementor-widget-heading\" data-id=\"884b1d8\" data-element_type=\"widget\" data-widget_type=\"heading.default\">\n\t\t\t\t<div class=\"elementor-widget-container\">\n\t\t\t<h4 class=\"elementor-heading-title elementor-size-default\">Product Identification and Traceability Procedure<\/h4>\t\t<\/div>\n\t\t\t\t<\/div>\n\t\t\t\t<div class=\"elementor-element elementor-element-a125f81 sc_fly_static elementor-widget elementor-widget-text-editor\" data-id=\"a125f81\" data-element_type=\"widget\" data-widget_type=\"text-editor.default\">\n\t\t\t\t<div class=\"elementor-widget-container\">\n\t\t\t<style>\/*! elementor - v3.16.0 - 17-10-2023 *\/\n.elementor-widget-text-editor.elementor-drop-cap-view-stacked .elementor-drop-cap{background-color:#69727d;color:#fff}.elementor-widget-text-editor.elementor-drop-cap-view-framed .elementor-drop-cap{color:#69727d;border:3px solid;background-color:transparent}.elementor-widget-text-editor:not(.elementor-drop-cap-view-default) .elementor-drop-cap{margin-top:8px}.elementor-widget-text-editor:not(.elementor-drop-cap-view-default) .elementor-drop-cap-letter{width:1em;height:1em}.elementor-widget-text-editor .elementor-drop-cap{float:left;text-align:center;line-height:1;font-size:50px}.elementor-widget-text-editor .elementor-drop-cap-letter{display:inline-block}<\/style>\t\t\t\t<p><strong>1.)PURPOSE<\/strong><\/p><p>The purpose of this procedure is to ensure that the products offered to the customer and \/ or the raw materials and semi-finished materials included in these products are clearly identified, marked and traceable in the desired detail throughout the procurement, production, delivery to the customer and post-delivery surveillance stages. The identification and traceability of products prevents the mixing of different products and ensures that the causes of a nonconformity are identified as soon as possible.<\/p><p><strong>2.) SCOPE<\/strong><\/p><p>This procedure covers all processes (Purchasing, storage, quality control, maintenance, planning and manufacturing, shipment, etc.) of all products manufactured in our company.<\/p><p><strong>3.) RESPONSIBLE<\/strong><\/p><p>All departments are responsible for monitoring all products and services and ensuring that records are kept and maintained.<\/p><p><strong>4.) DEFINITIONS<\/strong><\/p><ul><li><ul><li><strong>Product Identification<\/strong>: It is the coding used to distinguish each product from other products.<\/li><li><strong>Traceability:<\/strong>\u00a0It is the ability to access retrospective information by identifying the product or the materials that make up the product with a specific identification system.<\/li><\/ul><\/li><\/ul><p><strong>APPLICATION<\/strong><\/p><p><strong>5.1)General<\/strong><\/p><ol><li>General Product Identification and Traceability Program (Virames) is managed by the ERP System Responsible.<\/li><li>Within the scope of the projects in the production plan, separate material lists, workflows, product recipes, resource maps, personnel qualifications for each project are created by the project team and added to the system by the relevant unit responsible.<\/li><li>At each step of the process, the system creates a separate barcoding code.<\/li><li>The barcoding system for the batch number is as follows.<\/li><\/ol>\t\t\t\t\t\t<\/div>\n\t\t\t\t<\/div>\n\t\t\t\t<div class=\"elementor-element elementor-element-beda9b5 sc_fly_static elementor-widget elementor-widget-trx_sc_button\" data-id=\"beda9b5\" data-element_type=\"widget\" data-widget_type=\"trx_sc_button.default\">\n\t\t\t\t<div class=\"elementor-widget-container\">\n\t\t\t<div\tclass=\"sc_item_button sc_button_wrap sc_align_left\" ><a href=\"http:\/\/gokrail.com\/en\/wp-content\/uploads\/2023\/10\/PR.16-Urun-Tanimlama-ve-Izlenebilirlik-Proseduru-RV-05.doc\/\" class=\"sc_button sc_button_default sc_button_size_small sc_button_icon_left color_style_dark\" target=\"_blank\" ><span class=\"sc_button_text\"><span class=\"sc_button_title\">Review<\/span><\/span><\/a><\/div>\t\t<\/div>\n\t\t\t\t<\/div>\n\t\t\t\t\t<\/div>\n\t\t<\/div>\n\t\t\t\t\t\t\t<\/div>\n\t\t<\/section>\n\t\t\t\t\t\t\t<\/div>","protected":false},"excerpt":{"rendered":"<p>ERP OKUTMANLARI KISA TANITIM https:\/\/youtu.be\/IZmSLAvokz4 V\u0130RAMES KISA TANITIM https:\/\/youtu.be\/4g3PjmaBoeI \u00dcR\u00dcN TANIMLAMA VE \u0130ZLENEB\u0130L\u0130RL\u0130K PROSED\u00dcR\u00dc 1.)AMA\u00c7 Bu prosed\u00fcr\u00fcn amac\u0131, m\u00fc\u015fteriye sunulan \u00fcr\u00fcnlerin ve\/veya bu \u00fcr\u00fcnlerin b\u00fcnyesine giren hammadde ve yar\u0131 mamul&hellip;<\/p>","protected":false},"author":1,"featured_media":0,"parent":0,"menu_order":0,"comment_status":"closed","ping_status":"closed","template":"","meta":{"footnotes":""},"_links":{"self":[{"href":"https:\/\/gokrail.com\/en\/wp-json\/wp\/v2\/pages\/6521"}],"collection":[{"href":"https:\/\/gokrail.com\/en\/wp-json\/wp\/v2\/pages"}],"about":[{"href":"https:\/\/gokrail.com\/en\/wp-json\/wp\/v2\/types\/page"}],"author":[{"embeddable":true,"href":"https:\/\/gokrail.com\/en\/wp-json\/wp\/v2\/users\/1"}],"replies":[{"embeddable":true,"href":"https:\/\/gokrail.com\/en\/wp-json\/wp\/v2\/comments?post=6521"}],"version-history":[{"count":28,"href":"https:\/\/gokrail.com\/en\/wp-json\/wp\/v2\/pages\/6521\/revisions"}],"predecessor-version":[{"id":7283,"href":"https:\/\/gokrail.com\/en\/wp-json\/wp\/v2\/pages\/6521\/revisions\/7283"}],"wp:attachment":[{"href":"https:\/\/gokrail.com\/en\/wp-json\/wp\/v2\/media?parent=6521"}],"curies":[{"name":"wp","href":"https:\/\/api.w.org\/{rel}","templated":true}]}}