{"id":6410,"date":"2023-10-19T19:39:25","date_gmt":"2023-10-19T16:39:25","guid":{"rendered":"https:\/\/gokrail.com\/?page_id=6410"},"modified":"2025-10-14T10:40:54","modified_gmt":"2025-10-14T07:40:54","slug":"sertifikalar","status":"publish","type":"page","link":"https:\/\/gokrail.com\/en\/sertifikalar\/","title":{"rendered":"Certificates"},"content":{"rendered":"<div data-elementor-type=\"wp-page\" data-elementor-id=\"6410\" class=\"elementor elementor-6410\">\n\t\t\t\t\t\t\t\t\t<section class=\"elementor-section elementor-top-section elementor-element elementor-element-07c39aa elementor-section-boxed elementor-section-height-default elementor-section-height-default sc_fly_static\" data-id=\"07c39aa\" data-element_type=\"section\">\n\t\t\t\t\t\t<div class=\"elementor-container elementor-column-gap-extended\">\n\t\t\t\t\t<div class=\"elementor-column elementor-col-25 elementor-top-column elementor-element elementor-element-c0b76b3 sc_inner_width_none sc_content_align_inherit sc_layouts_column_icons_position_left sc_fly_static\" data-id=\"c0b76b3\" data-element_type=\"column\">\n\t\t\t<div class=\"elementor-widget-wrap elementor-element-populated\">\n\t\t\t\t\t\t\t\t<div class=\"elementor-element elementor-element-edcee7d sc_fly_static elementor-widget elementor-widget-heading\" data-id=\"edcee7d\" data-element_type=\"widget\" data-widget_type=\"heading.default\">\n\t\t\t\t<div class=\"elementor-widget-container\">\n\t\t\t<style>\/*! elementor - v3.16.0 - 17-10-2023 *\/\n.elementor-heading-title{padding:0;margin:0;line-height:1}.elementor-widget-heading .elementor-heading-title[class*=elementor-size-]>a{color:inherit;font-size:inherit;line-height:inherit}.elementor-widget-heading .elementor-heading-title.elementor-size-small{font-size:15px}.elementor-widget-heading .elementor-heading-title.elementor-size-medium{font-size:19px}.elementor-widget-heading .elementor-heading-title.elementor-size-large{font-size:29px}.elementor-widget-heading .elementor-heading-title.elementor-size-xl{font-size:39px}.elementor-widget-heading .elementor-heading-title.elementor-size-xxl{font-size:59px}<\/style><h4 class=\"elementor-heading-title elementor-size-default\">G\u00d6KYAPI ISO 9001 SERT\u0130F\u0130KA EN<\/h4>\t\t<\/div>\n\t\t\t\t<\/div>\n\t\t\t\t<div class=\"elementor-element elementor-element-9af068e sc_fly_static elementor-widget elementor-widget-trx_sc_button\" data-id=\"9af068e\" data-element_type=\"widget\" data-widget_type=\"trx_sc_button.default\">\n\t\t\t\t<div class=\"elementor-widget-container\">\n\t\t\t<div\tclass=\"sc_item_button sc_button_wrap sc_align_center\" ><a href=\"https:\/\/gokrail.com\/wp-content\/uploads\/2025\/10\/GOKYAPI-ISO-9001-SERTIFIKA-EN.pdf\" class=\"sc_button sc_button_default sc_button_size_small sc_button_icon_left color_style_dark\" target=\"_blank\" ><span class=\"sc_button_text\"><span class=\"sc_button_title\">Review<\/span><\/span><\/a><\/div>\t\t<\/div>\n\t\t\t\t<\/div>\n\t\t\t\t\t<\/div>\n\t\t<\/div>\n\t\t\t\t<div class=\"elementor-column elementor-col-25 elementor-top-column elementor-element elementor-element-0ea729e sc_inner_width_none sc_content_align_inherit sc_layouts_column_icons_position_left sc_fly_static\" data-id=\"0ea729e\" data-element_type=\"column\">\n\t\t\t<div class=\"elementor-widget-wrap elementor-element-populated\">\n\t\t\t\t\t\t\t\t<div class=\"elementor-element elementor-element-4fd9b73 sc_fly_static elementor-widget elementor-widget-heading\" data-id=\"4fd9b73\" data-element_type=\"widget\" data-widget_type=\"heading.default\">\n\t\t\t\t<div class=\"elementor-widget-container\">\n\t\t\t<h4 class=\"elementor-heading-title elementor-size-default\">G\u00d6KYAPI ISO 9001 SERT\u0130F\u0130KA TR<\/h4>\t\t<\/div>\n\t\t\t\t<\/div>\n\t\t\t\t<div class=\"elementor-element elementor-element-ead2135 sc_fly_static elementor-widget elementor-widget-trx_sc_button\" data-id=\"ead2135\" data-element_type=\"widget\" data-widget_type=\"trx_sc_button.default\">\n\t\t\t\t<div class=\"elementor-widget-container\">\n\t\t\t<div\tclass=\"sc_item_button sc_button_wrap sc_align_center\" ><a href=\"https:\/\/gokrail.com\/wp-content\/uploads\/2025\/10\/GOKYAPI-ISO-9001-SERTIFIKA-TR.pdf\" class=\"sc_button sc_button_default sc_button_size_small sc_button_icon_left color_style_dark\" target=\"_blank\" ><span class=\"sc_button_text\"><span class=\"sc_button_title\">Review<\/span><\/span><\/a><\/div>\t\t<\/div>\n\t\t\t\t<\/div>\n\t\t\t\t\t<\/div>\n\t\t<\/div>\n\t\t\t\t<div class=\"elementor-column elementor-col-25 elementor-top-column elementor-element elementor-element-7b839cb sc_inner_width_none sc_content_align_inherit sc_layouts_column_icons_position_left sc_fly_static\" data-id=\"7b839cb\" data-element_type=\"column\">\n\t\t\t<div class=\"elementor-widget-wrap elementor-element-populated\">\n\t\t\t\t\t\t\t\t<div class=\"elementor-element elementor-element-e33fd28 sc_fly_static elementor-widget elementor-widget-heading\" data-id=\"e33fd28\" data-element_type=\"widget\" data-widget_type=\"heading.default\">\n\t\t\t\t<div class=\"elementor-widget-container\">\n\t\t\t<h4 class=\"elementor-heading-title elementor-size-default\">G\u00d6KYAPI ISO 14001 SERT\u0130F\u0130KA EN<\/h4>\t\t<\/div>\n\t\t\t\t<\/div>\n\t\t\t\t<div class=\"elementor-element elementor-element-1c6b390 sc_fly_static elementor-widget elementor-widget-trx_sc_button\" data-id=\"1c6b390\" data-element_type=\"widget\" data-widget_type=\"trx_sc_button.default\">\n\t\t\t\t<div class=\"elementor-widget-container\">\n\t\t\t<div\tclass=\"sc_item_button sc_button_wrap sc_align_center\" ><a href=\"https:\/\/gokrail.com\/wp-content\/uploads\/2025\/10\/GOKYAPI-ISO-14001-SERTIFIKA-EN.pdf\" class=\"sc_button sc_button_default sc_button_size_small sc_button_icon_left color_style_dark\" target=\"_blank\" ><span class=\"sc_button_text\"><span class=\"sc_button_title\">Review<\/span><\/span><\/a><\/div>\t\t<\/div>\n\t\t\t\t<\/div>\n\t\t\t\t\t<\/div>\n\t\t<\/div>\n\t\t\t\t<div class=\"elementor-column elementor-col-25 elementor-top-column elementor-element elementor-element-4a70ac4 sc_inner_width_none sc_content_align_inherit sc_layouts_column_icons_position_left sc_fly_static\" data-id=\"4a70ac4\" data-element_type=\"column\">\n\t\t\t<div class=\"elementor-widget-wrap elementor-element-populated\">\n\t\t\t\t\t\t\t\t<div class=\"elementor-element elementor-element-45edef8 sc_fly_static elementor-widget elementor-widget-heading\" data-id=\"45edef8\" data-element_type=\"widget\" data-widget_type=\"heading.default\">\n\t\t\t\t<div class=\"elementor-widget-container\">\n\t\t\t<h4 class=\"elementor-heading-title elementor-size-default\">G\u00d6KYAPI ISO 14001 SERT\u0130F\u0130KA TR<\/h4>\t\t<\/div>\n\t\t\t\t<\/div>\n\t\t\t\t<div class=\"elementor-element elementor-element-e35223d sc_fly_static elementor-widget elementor-widget-trx_sc_button\" data-id=\"e35223d\" data-element_type=\"widget\" data-widget_type=\"trx_sc_button.default\">\n\t\t\t\t<div class=\"elementor-widget-container\">\n\t\t\t<div\tclass=\"sc_item_button sc_button_wrap sc_align_center\" ><a href=\"https:\/\/gokrail.com\/wp-content\/uploads\/2025\/10\/GOKYAPI-ISO-14001-SERTIFIKA-TR.pdf\" class=\"sc_button sc_button_default sc_button_size_small sc_button_icon_left color_style_dark\" target=\"_blank\" ><span class=\"sc_button_text\"><span class=\"sc_button_title\">Review<\/span><\/span><\/a><\/div>\t\t<\/div>\n\t\t\t\t<\/div>\n\t\t\t\t\t<\/div>\n\t\t<\/div>\n\t\t\t\t\t\t\t<\/div>\n\t\t<\/section>\n\t\t\t\t<section class=\"elementor-section elementor-top-section elementor-element elementor-element-552a6b9 elementor-section-boxed elementor-section-height-default elementor-section-height-default sc_fly_static\" data-id=\"552a6b9\" data-element_type=\"section\">\n\t\t\t\t\t\t<div class=\"elementor-container elementor-column-gap-extended\">\n\t\t\t\t\t<div class=\"elementor-column elementor-col-25 elementor-top-column elementor-element elementor-element-480c365 sc_inner_width_none sc_content_align_inherit sc_layouts_column_icons_position_left sc_fly_static\" data-id=\"480c365\" data-element_type=\"column\">\n\t\t\t<div class=\"elementor-widget-wrap elementor-element-populated\">\n\t\t\t\t\t\t\t\t<div class=\"elementor-element elementor-element-e789a3f sc_fly_static elementor-widget elementor-widget-heading\" data-id=\"e789a3f\" data-element_type=\"widget\" data-widget_type=\"heading.default\">\n\t\t\t\t<div class=\"elementor-widget-container\">\n\t\t\t<h4 class=\"elementor-heading-title elementor-size-default\">G\u00d6K YAPI 9001 DAKKS<\/h4>\t\t<\/div>\n\t\t\t\t<\/div>\n\t\t\t\t<div class=\"elementor-element elementor-element-ae5d3a0 sc_fly_static elementor-widget elementor-widget-trx_sc_button\" data-id=\"ae5d3a0\" data-element_type=\"widget\" data-widget_type=\"trx_sc_button.default\">\n\t\t\t\t<div class=\"elementor-widget-container\">\n\t\t\t<div\tclass=\"sc_item_button sc_button_wrap sc_align_center\" ><a href=\"https:\/\/gokrail.com\/wp-content\/uploads\/2025\/10\/GOK-YAPI-9001-DAKKS.pdf\" class=\"sc_button sc_button_default sc_button_size_small sc_button_icon_left color_style_dark\" target=\"_blank\" ><span class=\"sc_button_text\"><span class=\"sc_button_title\">Review<\/span><\/span><\/a><\/div>\t\t<\/div>\n\t\t\t\t<\/div>\n\t\t\t\t\t<\/div>\n\t\t<\/div>\n\t\t\t\t<div class=\"elementor-column elementor-col-25 elementor-top-column elementor-element elementor-element-e5585f5 sc_inner_width_none sc_content_align_inherit sc_layouts_column_icons_position_left sc_fly_static\" data-id=\"e5585f5\" data-element_type=\"column\">\n\t\t\t<div class=\"elementor-widget-wrap elementor-element-populated\">\n\t\t\t\t\t\t\t\t<div class=\"elementor-element elementor-element-fa0f696 sc_fly_static elementor-widget elementor-widget-heading\" data-id=\"fa0f696\" data-element_type=\"widget\" data-widget_type=\"heading.default\">\n\t\t\t\t<div class=\"elementor-widget-container\">\n\t\t\t<h4 class=\"elementor-heading-title elementor-size-default\">G\u00d6K YAPI 14001 DAKKS<\/h4>\t\t<\/div>\n\t\t\t\t<\/div>\n\t\t\t\t<div class=\"elementor-element elementor-element-6a9674e sc_fly_static elementor-widget elementor-widget-trx_sc_button\" data-id=\"6a9674e\" data-element_type=\"widget\" data-widget_type=\"trx_sc_button.default\">\n\t\t\t\t<div class=\"elementor-widget-container\">\n\t\t\t<div\tclass=\"sc_item_button sc_button_wrap sc_align_center\" ><a href=\"https:\/\/gokrail.com\/wp-content\/uploads\/2025\/10\/GOK-YAPI-14001-DAKKS.pdf\" class=\"sc_button sc_button_default sc_button_size_small sc_button_icon_left color_style_dark\" target=\"_blank\" ><span class=\"sc_button_text\"><span class=\"sc_button_title\">Review<\/span><\/span><\/a><\/div>\t\t<\/div>\n\t\t\t\t<\/div>\n\t\t\t\t\t<\/div>\n\t\t<\/div>\n\t\t\t\t<div class=\"elementor-column elementor-col-25 elementor-top-column elementor-element elementor-element-a1b7c86 sc_inner_width_none sc_content_align_inherit sc_layouts_column_icons_position_left sc_fly_static\" data-id=\"a1b7c86\" data-element_type=\"column\">\n\t\t\t<div class=\"elementor-widget-wrap elementor-element-populated\">\n\t\t\t\t\t\t\t\t<div class=\"elementor-element elementor-element-82587c9 sc_fly_static elementor-widget elementor-widget-heading\" data-id=\"82587c9\" data-element_type=\"widget\" data-widget_type=\"heading.default\">\n\t\t\t\t<div class=\"elementor-widget-container\">\n\t\t\t<h4 class=\"elementor-heading-title elementor-size-default\">G\u00d6K YAPI 45001 DAKKS<\/h4>\t\t<\/div>\n\t\t\t\t<\/div>\n\t\t\t\t<div class=\"elementor-element elementor-element-8b5edb5 sc_fly_static elementor-widget elementor-widget-trx_sc_button\" data-id=\"8b5edb5\" data-element_type=\"widget\" data-widget_type=\"trx_sc_button.default\">\n\t\t\t\t<div class=\"elementor-widget-container\">\n\t\t\t<div\tclass=\"sc_item_button sc_button_wrap sc_align_center\" ><a href=\"https:\/\/gokrail.com\/wp-content\/uploads\/2025\/10\/GOK-YAPI-45001-DAKKS.pdf\" class=\"sc_button sc_button_default sc_button_size_small sc_button_icon_left color_style_dark\" target=\"_blank\" ><span class=\"sc_button_text\"><span class=\"sc_button_title\">Review<\/span><\/span><\/a><\/div>\t\t<\/div>\n\t\t\t\t<\/div>\n\t\t\t\t\t<\/div>\n\t\t<\/div>\n\t\t\t\t<div class=\"elementor-column elementor-col-25 elementor-top-column elementor-element elementor-element-a57fbb5 sc_inner_width_none sc_content_align_inherit sc_layouts_column_icons_position_left sc_fly_static\" data-id=\"a57fbb5\" data-element_type=\"column\">\n\t\t\t<div class=\"elementor-widget-wrap elementor-element-populated\">\n\t\t\t\t\t\t\t\t<div class=\"elementor-element elementor-element-2b35aa0 sc_fly_static elementor-widget elementor-widget-heading\" data-id=\"2b35aa0\" data-element_type=\"widget\" data-widget_type=\"heading.default\">\n\t\t\t\t<div class=\"elementor-widget-container\">\n\t\t\t<h4 class=\"elementor-heading-title elementor-size-default\">G\u00f6k Yap\u0131 EN 15085-2<\/h4>\t\t<\/div>\n\t\t\t\t<\/div>\n\t\t\t\t<div class=\"elementor-element elementor-element-3791b97 sc_fly_static elementor-widget elementor-widget-trx_sc_button\" data-id=\"3791b97\" data-element_type=\"widget\" data-widget_type=\"trx_sc_button.default\">\n\t\t\t\t<div class=\"elementor-widget-container\">\n\t\t\t<div\tclass=\"sc_item_button sc_button_wrap sc_align_center\" ><a href=\"https:\/\/gokrail.com\/wp-content\/uploads\/2025\/10\/Gok-Yapi-EN-15085-2.pdf\" class=\"sc_button sc_button_default sc_button_size_small sc_button_icon_left color_style_dark\" target=\"_blank\" ><span class=\"sc_button_text\"><span class=\"sc_button_title\">Review<\/span><\/span><\/a><\/div>\t\t<\/div>\n\t\t\t\t<\/div>\n\t\t\t\t\t<\/div>\n\t\t<\/div>\n\t\t\t\t\t\t\t<\/div>\n\t\t<\/section>\n\t\t\t\t<section class=\"elementor-section elementor-top-section elementor-element elementor-element-a457099 elementor-section-boxed elementor-section-height-default elementor-section-height-default sc_fly_static\" data-id=\"a457099\" data-element_type=\"section\">\n\t\t\t\t\t\t<div class=\"elementor-container elementor-column-gap-extended\">\n\t\t\t\t\t<div class=\"elementor-column elementor-col-25 elementor-top-column elementor-element elementor-element-85e33db sc_inner_width_none sc_content_align_inherit sc_layouts_column_icons_position_left sc_fly_static\" data-id=\"85e33db\" data-element_type=\"column\">\n\t\t\t<div class=\"elementor-widget-wrap elementor-element-populated\">\n\t\t\t\t\t\t\t\t<div class=\"elementor-element elementor-element-58ea7cf sc_fly_static elementor-widget elementor-widget-heading\" data-id=\"58ea7cf\" data-element_type=\"widget\" data-widget_type=\"heading.default\">\n\t\t\t\t<div class=\"elementor-widget-container\">\n\t\t\t<h4 class=\"elementor-heading-title elementor-size-default\">G\u00f6k Yap\u0131 TS EN ISO 3834-2<\/h4>\t\t<\/div>\n\t\t\t\t<\/div>\n\t\t\t\t<div class=\"elementor-element elementor-element-bc7562c sc_fly_static elementor-widget elementor-widget-trx_sc_button\" data-id=\"bc7562c\" data-element_type=\"widget\" data-widget_type=\"trx_sc_button.default\">\n\t\t\t\t<div class=\"elementor-widget-container\">\n\t\t\t<div\tclass=\"sc_item_button sc_button_wrap sc_align_center\" ><a href=\"https:\/\/gokrail.com\/wp-content\/uploads\/2025\/10\/Gok-Yapi-TS-EN-ISO-3834-2.pdf\" class=\"sc_button sc_button_default sc_button_size_small sc_button_icon_left color_style_dark\" target=\"_blank\" ><span class=\"sc_button_text\"><span class=\"sc_button_title\">Review<\/span><\/span><\/a><\/div>\t\t<\/div>\n\t\t\t\t<\/div>\n\t\t\t\t\t<\/div>\n\t\t<\/div>\n\t\t\t\t<div class=\"elementor-column elementor-col-25 elementor-top-column elementor-element elementor-element-6080410 sc_inner_width_none sc_content_align_inherit sc_layouts_column_icons_position_left sc_fly_static\" data-id=\"6080410\" data-element_type=\"column\">\n\t\t\t<div class=\"elementor-widget-wrap\">\n\t\t\t\t\t\t\t\t\t<\/div>\n\t\t<\/div>\n\t\t\t\t<div class=\"elementor-column elementor-col-25 elementor-top-column elementor-element elementor-element-c195dfc sc_inner_width_none sc_content_align_inherit sc_layouts_column_icons_position_left sc_fly_static\" data-id=\"c195dfc\" data-element_type=\"column\">\n\t\t\t<div class=\"elementor-widget-wrap\">\n\t\t\t\t\t\t\t\t\t<\/div>\n\t\t<\/div>\n\t\t\t\t<div class=\"elementor-column elementor-col-25 elementor-top-column elementor-element elementor-element-1000fb3 sc_inner_width_none sc_content_align_inherit sc_layouts_column_icons_position_left sc_fly_static\" data-id=\"1000fb3\" data-element_type=\"column\">\n\t\t\t<div class=\"elementor-widget-wrap\">\n\t\t\t\t\t\t\t\t\t<\/div>\n\t\t<\/div>\n\t\t\t\t\t\t\t<\/div>\n\t\t<\/section>\n\t\t\t\t\t\t\t<\/div>","protected":false},"excerpt":{"rendered":"<p>G\u00d6KYAPI ISO 9001 SERT\u0130F\u0130KA EN \u0130nceleyin G\u00d6KYAPI ISO 9001 SERT\u0130F\u0130KA TR \u0130nceleyin G\u00d6KYAPI ISO 14001 SERT\u0130F\u0130KA EN \u0130nceleyin G\u00d6KYAPI ISO 14001 SERT\u0130F\u0130KA TR \u0130nceleyin G\u00d6K YAPI 9001 DAKKS \u0130nceleyin G\u00d6K&hellip;<\/p>","protected":false},"author":1,"featured_media":0,"parent":0,"menu_order":0,"comment_status":"closed","ping_status":"closed","template":"","meta":{"footnotes":""},"_links":{"self":[{"href":"https:\/\/gokrail.com\/en\/wp-json\/wp\/v2\/pages\/6410"}],"collection":[{"href":"https:\/\/gokrail.com\/en\/wp-json\/wp\/v2\/pages"}],"about":[{"href":"https:\/\/gokrail.com\/en\/wp-json\/wp\/v2\/types\/page"}],"author":[{"embeddable":true,"href":"https:\/\/gokrail.com\/en\/wp-json\/wp\/v2\/users\/1"}],"replies":[{"embeddable":true,"href":"https:\/\/gokrail.com\/en\/wp-json\/wp\/v2\/comments?post=6410"}],"version-history":[{"count":172,"href":"https:\/\/gokrail.com\/en\/wp-json\/wp\/v2\/pages\/6410\/revisions"}],"predecessor-version":[{"id":7913,"href":"https:\/\/gokrail.com\/en\/wp-json\/wp\/v2\/pages\/6410\/revisions\/7913"}],"wp:attachment":[{"href":"https:\/\/gokrail.com\/en\/wp-json\/wp\/v2\/media?parent=6410"}],"curies":[{"name":"wp","href":"https:\/\/api.w.org\/{rel}","templated":true}]}}