{"id":7246,"date":"2023-11-10T12:40:22","date_gmt":"2023-11-10T09:40:22","guid":{"rendered":"https:\/\/gokrail.com\/?page_id=7246"},"modified":"2023-11-10T13:55:51","modified_gmt":"2023-11-10T10:55:51","slug":"insan-kaynaklari","status":"publish","type":"page","link":"https:\/\/gokrail.com\/de\/insan-kaynaklari\/","title":{"rendered":"\u0130nsan Kaynaklar\u0131"},"content":{"rendered":"<div data-elementor-type=\"wp-page\" data-elementor-id=\"7246\" class=\"elementor elementor-7246\">\n\t\t\t\t\t\t\t\t\t<section class=\"elementor-section elementor-top-section elementor-element elementor-element-43897269 elementor-section-boxed elementor-section-height-default elementor-section-height-default sc_fly_static\" data-id=\"43897269\" data-element_type=\"section\" data-settings=\"{&quot;background_background&quot;:&quot;classic&quot;}\">\n\t\t\t\t\t\t<div class=\"elementor-container elementor-column-gap-extended\">\n\t\t\t\t\t<div class=\"elementor-column elementor-col-100 elementor-top-column elementor-element elementor-element-6f02bc5d sc_inner_width_none sc_content_align_inherit sc_layouts_column_icons_position_left sc_fly_static\" data-id=\"6f02bc5d\" data-element_type=\"column\">\n\t\t\t<div class=\"elementor-widget-wrap elementor-element-populated\">\n\t\t\t\t\t\t\t\t<div class=\"elementor-element elementor-element-1873ed3 sc_fly_static elementor-widget elementor-widget-text-editor\" data-id=\"1873ed3\" data-element_type=\"widget\" data-widget_type=\"text-editor.default\">\n\t\t\t\t<div class=\"elementor-widget-container\">\n\t\t\t<style>\/*! elementor - v3.16.0 - 17-10-2023 *\/\n.elementor-widget-text-editor.elementor-drop-cap-view-stacked .elementor-drop-cap{background-color:#69727d;color:#fff}.elementor-widget-text-editor.elementor-drop-cap-view-framed .elementor-drop-cap{color:#69727d;border:3px solid;background-color:transparent}.elementor-widget-text-editor:not(.elementor-drop-cap-view-default) .elementor-drop-cap{margin-top:8px}.elementor-widget-text-editor:not(.elementor-drop-cap-view-default) .elementor-drop-cap-letter{width:1em;height:1em}.elementor-widget-text-editor .elementor-drop-cap{float:left;text-align:center;line-height:1;font-size:50px}.elementor-widget-text-editor .elementor-drop-cap-letter{display:inline-block}<\/style>\t\t\t\t<ol><li><strong>\u0130nsan Kaynaklar\u0131 Politikas\u0131<\/strong><\/li><\/ol><p><em>G\u00f6k Yap\u0131 San. Tic. A.\u015e. <\/em>hedeflerinin ve stratejilerinin ger\u00e7ekle\u015ftirilmesinde bizleri ba\u015far\u0131ya ta\u015f\u0131yan temel kaynaklar\u0131m\u0131zdan en \u00f6nemlisinin \u00e7al\u0131\u015fanlar\u0131m\u0131z oldu\u011fu bilinci ile hareket edilir. \u00c7al\u0131\u015fanlar\u0131m\u0131z\u0131n geli\u015fimine f\u0131rsat ve katk\u0131 sa\u011flayan sistem ve uygulamalarla \u00f6ncelik verilir. Motivasyon, i\u015f tatmini, aidiyet ve e\u011fitime yat\u0131r\u0131m yaparak i\u015f verimlili\u011fini art\u0131rmak hedeflenir. Bu hedef ve stratejiler do\u011frultusunda politikalar\u0131m\u0131z;<\/p><ol start=\"2\"><li><strong>\u0130\u015f G\u00fcvenli\u011fi Politikas\u0131<\/strong><\/li><\/ol><p>G\u00f6k Yap\u0131\u2019n\u0131n en \u00f6nemli ama\u00e7lar\u0131ndan bir tanesi, \u00e7al\u0131\u015fanlar\u0131n g\u00f6r\u00fc\u015f\u00fcn\u00fc alarak, \u00e7al\u0131\u015fanlar\u0131 i\u00e7in \u00e7al\u0131\u015fma \u015fartlar\u0131n\u0131 geli\u015ftirmesidir. G\u00f6k Yap\u0131 bu amac\u0131na ula\u015fabilmek i\u00e7in \u00f6ncelikle i\u015fin ve i\u015fyerinin herkes i\u00e7in g\u00fcvenli bir yer olmas\u0131 gerekti\u011fine inan\u0131r. \u0130\u015f Sa\u011fl\u0131\u011f\u0131 ve G\u00fcvenli\u011fi konusunda gerekli her t\u00fcrl\u00fc \u00f6nlemi al\u0131p, \u00e7al\u0131\u015fanlar\u0131n\u0131n beden ve ruh sa\u011fl\u0131\u011f\u0131n\u0131 korumalar\u0131na yard\u0131mc\u0131 olmaya \u00e7al\u0131\u015f\u0131r.<\/p><ol start=\"3\"><li><strong>G\u00fc\u00e7l\u00fc \u0130nsan Kaynaklar\u0131<\/strong><\/li><\/ol><p>1000 ki\u015fiden fazla nitelikli i\u015f g\u00fcc\u00fc ve b\u00f6lgede en y\u00fcksek istihdam f\u0131rsat\u0131 sa\u011flama potansiyelinin her zaman gururunu ya\u015famaktad\u0131r. G\u00f6k Yap\u0131, \u00e7al\u0131\u015fanlar\u0131n\u0131 hem meslek hem de ki\u015fisel geli\u015fim anlam\u0131nda destekleyerek \u0130nsan Kaynaklar\u0131 g\u00fcc\u00fcn\u00fc gelecek plan ve stratejileri do\u011frultusunda olu\u015fturur.<\/p><ol start=\"4\"><li><strong>\u0130\u015fe Al\u0131m S\u00fcreci<\/strong><\/li><\/ol><p>\u0130\u015fe al\u0131m s\u00fcre\u00e7lerinde pozisyonlara \u00f6zg\u00fc farkl\u0131 test ve envanterler uygulan\u0131r. Ayn\u0131 zamanda y\u00f6netici ve \u00fcst\u00fc pozisyonlardaki t\u00fcm i\u015fe al\u0131m s\u00fcre\u00e7lerinde &#8220;de\u011ferlendirme merkezi&#8221; uygulamas\u0131 ile ekipler i\u00e7in en do\u011fru liderlerin se\u00e7ilmesi hedeflenir.<\/p><p>G\u00f6k Yap\u0131 i\u00e7in do\u011fru aday yakla\u015f\u0131m\u0131n\u0131n yan\u0131 s\u0131ra, adaylar i\u00e7in do\u011fru i\u015f felsefesi, firman\u0131n en b\u00fcy\u00fck fark\u0131n\u0131 olu\u015fturur.<\/p><ol start=\"5\"><li><strong>S\u00fcrekli E\u011fitim<\/strong><\/li><\/ol><p>G\u00f6k Yap\u0131, \u015firket ihtiya\u00e7lar\u0131n\u0131 ve \u00e7al\u0131\u015fanlar\u0131n mesleki ve bireysel geli\u015fimlerini kar\u015f\u0131lamak i\u00e7in gerekli e\u011fitim ve geli\u015fim deste\u011fini sa\u011flamay\u0131 ama\u00e7lar. \u00c7al\u0131\u015fanlar teknik ve kurumsal e\u011fitimlerin yan\u0131 s\u0131ra ki\u015fisel geli\u015fim programlar\u0131yla da desteklenir.<\/p>\t\t\t\t\t\t<\/div>\n\t\t\t\t<\/div>\n\t\t\t\t\t<\/div>\n\t\t<\/div>\n\t\t\t\t\t\t\t<\/div>\n\t\t<\/section>\n\t\t\t\t\t\t\t<\/div>","protected":false},"excerpt":{"rendered":"<p>\u0130nsan Kaynaklar\u0131 Politikas\u0131 G\u00f6k Yap\u0131 San. Tic. A.\u015e. hedeflerinin ve stratejilerinin ger\u00e7ekle\u015ftirilmesinde bizleri ba\u015far\u0131ya ta\u015f\u0131yan temel kaynaklar\u0131m\u0131zdan en \u00f6nemlisinin \u00e7al\u0131\u015fanlar\u0131m\u0131z oldu\u011fu bilinci ile hareket edilir. \u00c7al\u0131\u015fanlar\u0131m\u0131z\u0131n geli\u015fimine f\u0131rsat ve katk\u0131&hellip;<\/p>","protected":false},"author":1,"featured_media":0,"parent":0,"menu_order":0,"comment_status":"closed","ping_status":"closed","template":"","meta":{"footnotes":""},"_links":{"self":[{"href":"https:\/\/gokrail.com\/de\/wp-json\/wp\/v2\/pages\/7246"}],"collection":[{"href":"https:\/\/gokrail.com\/de\/wp-json\/wp\/v2\/pages"}],"about":[{"href":"https:\/\/gokrail.com\/de\/wp-json\/wp\/v2\/types\/page"}],"author":[{"embeddable":true,"href":"https:\/\/gokrail.com\/de\/wp-json\/wp\/v2\/users\/1"}],"replies":[{"embeddable":true,"href":"https:\/\/gokrail.com\/de\/wp-json\/wp\/v2\/comments?post=7246"}],"version-history":[{"count":4,"href":"https:\/\/gokrail.com\/de\/wp-json\/wp\/v2\/pages\/7246\/revisions"}],"predecessor-version":[{"id":7275,"href":"https:\/\/gokrail.com\/de\/wp-json\/wp\/v2\/pages\/7246\/revisions\/7275"}],"wp:attachment":[{"href":"https:\/\/gokrail.com\/de\/wp-json\/wp\/v2\/media?parent=7246"}],"curies":[{"name":"wp","href":"https:\/\/api.w.org\/{rel}","templated":true}]}}