{"id":6648,"date":"2023-10-19T22:58:14","date_gmt":"2023-10-19T19:58:14","guid":{"rendered":"https:\/\/gokrail.com\/?page_id=6648"},"modified":"2023-11-10T15:10:05","modified_gmt":"2023-11-10T12:10:05","slug":"bojiler","status":"publish","type":"page","link":"https:\/\/gokrail.com\/de\/projeler\/bojiler\/","title":{"rendered":"Bojiler"},"content":{"rendered":"<div data-elementor-type=\"wp-page\" data-elementor-id=\"6648\" class=\"elementor elementor-6648\">\n\t\t\t\t\t\t\t\t\t<section class=\"elementor-section elementor-top-section elementor-element elementor-element-4badbcdc scheme_default elementor-section-boxed elementor-section-height-default elementor-section-height-default sc_fly_static\" data-id=\"4badbcdc\" data-element_type=\"section\" data-settings=\"{&quot;background_background&quot;:&quot;classic&quot;}\">\n\t\t\t\t\t\t<div class=\"elementor-container elementor-column-gap-extended\">\n\t\t\t\t\t<div class=\"elementor-column elementor-col-100 elementor-top-column elementor-element elementor-element-477d881a sc_inner_width_none sc_content_align_inherit sc_layouts_column_icons_position_left sc_fly_static\" data-id=\"477d881a\" data-element_type=\"column\">\n\t\t\t<div class=\"elementor-widget-wrap elementor-element-populated\">\n\t\t\t\t\t\t\t\t<div class=\"elementor-element elementor-element-23add515 sc_height_huge sc_fly_static elementor-widget elementor-widget-spacer\" data-id=\"23add515\" data-element_type=\"widget\" data-widget_type=\"spacer.default\">\n\t\t\t\t<div class=\"elementor-widget-container\">\n\t\t\t<style>\/*! elementor - v3.16.0 - 17-10-2023 *\/\n.elementor-column .elementor-spacer-inner{height:var(--spacer-size)}.e-con{--container-widget-width:100%}.e-con-inner>.elementor-widget-spacer,.e-con>.elementor-widget-spacer{width:var(--container-widget-width,var(--spacer-size));--align-self:var(--container-widget-align-self,initial);--flex-shrink:0}.e-con-inner>.elementor-widget-spacer>.elementor-widget-container,.e-con>.elementor-widget-spacer>.elementor-widget-container{height:100%;width:100%}.e-con-inner>.elementor-widget-spacer>.elementor-widget-container>.elementor-spacer,.e-con>.elementor-widget-spacer>.elementor-widget-container>.elementor-spacer{height:100%}.e-con-inner>.elementor-widget-spacer>.elementor-widget-container>.elementor-spacer>.elementor-spacer-inner,.e-con>.elementor-widget-spacer>.elementor-widget-container>.elementor-spacer>.elementor-spacer-inner{height:var(--container-widget-height,var(--spacer-size))}.e-con-inner>.elementor-widget-spacer.elementor-widget-empty,.e-con>.elementor-widget-spacer.elementor-widget-empty{position:relative;min-height:22px;min-width:22px}.e-con-inner>.elementor-widget-spacer.elementor-widget-empty .elementor-widget-empty-icon,.e-con>.elementor-widget-spacer.elementor-widget-empty .elementor-widget-empty-icon{position:absolute;top:0;bottom:0;left:0;right:0;margin:auto;padding:0;width:22px;height:22px}<\/style>\t\t<div class=\"elementor-spacer\">\n\t\t\t<div class=\"elementor-spacer-inner\"><\/div>\n\t\t<\/div>\n\t\t\t\t<\/div>\n\t\t\t\t<\/div>\n\t\t\t\t\t<\/div>\n\t\t<\/div>\n\t\t\t\t\t\t\t<\/div>\n\t\t<\/section>\n\t\t\t\t<section class=\"elementor-section elementor-top-section elementor-element elementor-element-aa3c812 elementor-section-boxed elementor-section-height-default elementor-section-height-default sc_fly_static\" data-id=\"aa3c812\" data-element_type=\"section\">\n\t\t\t\t\t\t<div class=\"elementor-container elementor-column-gap-extended\">\n\t\t\t\t\t<div class=\"elementor-column elementor-col-100 elementor-top-column elementor-element elementor-element-82da21b sc_inner_width_none sc_content_align_inherit sc_layouts_column_icons_position_left sc_fly_static\" data-id=\"82da21b\" data-element_type=\"column\">\n\t\t\t<div class=\"elementor-widget-wrap elementor-element-populated\">\n\t\t\t\t\t\t\t\t<div class=\"elementor-element elementor-element-0d6cf1d animation_type_sequental sc_fly_static elementor-invisible elementor-widget elementor-widget-trx_sc_services\" data-id=\"0d6cf1d\" data-element_type=\"widget\" data-settings=\"{&quot;_animation&quot;:&quot;fabrica-fadeinup&quot;,&quot;_animation_delay&quot;:100}\" data-widget_type=\"trx_sc_services.default\">\n\t\t\t\t<div class=\"elementor-widget-container\">\n\t\t\t<div class=\"sc_services sc_services_default sc_services_featured_top\"><div class=\"sc_services_columns_wrap sc_item_columns sc_item_posts_container sc_item_columns_3 trx_addons_columns_wrap columns_padding_bottom columns_in_single_row\"><div class=\"trx_addons_column-1_3\"><div data-post-id=\"3926\" class=\"sc_services_item sc_item_container post_container with_content with_image sc_services_item_featured_top post-3926 cpt_services type-cpt_services status-publish has-post-thumbnail hentry cpt_services_group-bojiler cpt_services_group-oil\" data-item-number=\"1\"\r\n>\r\n\t<div class=\"post_featured with_thumb hover_link sc_services_item_thumb\"><img loading=\"lazy\" width=\"890\" height=\"664\" src=\"https:\/\/gokrail.com\/wp-content\/uploads\/2023\/02\/MZT-Fren-Sistemli-Boji-H-Tipi-Boji-9-1-600x300-2-890x664.jpg\" class=\"attachment-fabrica-thumb-square size-fabrica-thumb-square wp-post-image\" alt=\"\" decoding=\"async\" \/>\t\t\t\t\t\t<div class=\"mask\"><\/div>\n\t\t\t\t\t\t<a class=\"post_link sc_services_item_link\" href=\"https:\/\/gokrail.com\/de\/services\/y25lsdi-kc1\/\"><\/a>\t\t\t<a href=\"https:\/\/gokrail.com\/de\/services\/y25lsdi-kc1\/\"  aria-hidden=\"true\" class=\"link\"><\/a>\r\n\t\t\t<\/div>\t\r\n\t<div class=\"sc_services_item_info\">\r\n\t\t\t\t<div class=\"sc_services_item_header\">\r\n\t\t\t\t\t\t<h4 class=\"sc_services_item_title entry-title\"><a href=\"https:\/\/gokrail.com\/de\/services\/y25lsdi-kc1\/\">Y25Lsdi-KC1<\/a><\/h4>\r\n            \t\t<\/div>\r\n\t\t                    <div class=\"sc_services_item_content\"><p>\u00dcr\u00fcn detaylar\u0131n\u0131 incelemek i\u00e7in hemen t\u0131klay\u0131n\u0131z.<\/p>\n<\/div><div class=\"sc_services_item_button sc_item_button\">\r\n            <a href=\"https:\/\/gokrail.com\/de\/services\/y25lsdi-kc1\/\" class=\"sc_services_item_more_link\">\r\n                <span class=\"link_text\">\u0130nceleyin<\/span><span class=\"link_icon\"><\/span>\r\n            <\/a>\r\n            <\/div><\/div>\r\n<\/div>\r\n<\/div><div class=\"trx_addons_column-1_3\"><div data-post-id=\"3925\" class=\"sc_services_item sc_item_container post_container with_content with_image sc_services_item_featured_top post-3925 cpt_services type-cpt_services status-publish has-post-thumbnail hentry cpt_services_group-bojiler cpt_services_group-oil\" data-item-number=\"2\"\r\n>\r\n\t<div class=\"post_featured with_thumb hover_link sc_services_item_thumb\"><img loading=\"lazy\" width=\"890\" height=\"664\" src=\"https:\/\/gokrail.com\/wp-content\/uploads\/2023\/02\/Y25-boji___Shot2-600x300-2-890x664.jpg\" class=\"attachment-fabrica-thumb-square size-fabrica-thumb-square wp-post-image\" alt=\"\" decoding=\"async\" \/>\t\t\t\t\t\t<div class=\"mask\"><\/div>\n\t\t\t\t\t\t<a class=\"post_link sc_services_item_link\" href=\"https:\/\/gokrail.com\/de\/services\/y25lss1-k\/\"><\/a>\t\t\t<a href=\"https:\/\/gokrail.com\/de\/services\/y25lss1-k\/\"  aria-hidden=\"true\" class=\"link\"><\/a>\r\n\t\t\t<\/div>\t\r\n\t<div class=\"sc_services_item_info\">\r\n\t\t\t\t<div class=\"sc_services_item_header\">\r\n\t\t\t\t\t\t<h4 class=\"sc_services_item_title entry-title\"><a href=\"https:\/\/gokrail.com\/de\/services\/y25lss1-k\/\">Y25Ls(s)1-K<\/a><\/h4>\r\n            \t\t<\/div>\r\n\t\t                    <div class=\"sc_services_item_content\"><p>\u00dcr\u00fcn detaylar\u0131n\u0131 incelemek i\u00e7in hemen t\u0131klay\u0131n\u0131z.<\/p>\n<\/div><div class=\"sc_services_item_button sc_item_button\">\r\n            <a href=\"https:\/\/gokrail.com\/de\/services\/y25lss1-k\/\" class=\"sc_services_item_more_link\">\r\n                <span class=\"link_text\">\u0130nceleyin<\/span><span class=\"link_icon\"><\/span>\r\n            <\/a>\r\n            <\/div><\/div>\r\n<\/div>\r\n<\/div><div class=\"trx_addons_column-1_3\"><div data-post-id=\"3924\" class=\"sc_services_item sc_item_container post_container with_content with_image sc_services_item_featured_top post-3924 cpt_services type-cpt_services status-publish has-post-thumbnail hentry cpt_services_group-bojiler cpt_services_group-oil\" data-item-number=\"3\"\r\n>\r\n\t<div class=\"post_featured with_thumb hover_link sc_services_item_thumb\"><img loading=\"lazy\" width=\"890\" height=\"664\" src=\"https:\/\/gokrail.com\/wp-content\/uploads\/2023\/02\/boji-500x268-21-890x664.jpg\" class=\"attachment-fabrica-thumb-square size-fabrica-thumb-square wp-post-image\" alt=\"\" decoding=\"async\" \/>\t\t\t\t\t\t<div class=\"mask\"><\/div>\n\t\t\t\t\t\t<a class=\"post_link sc_services_item_link\" href=\"https:\/\/gokrail.com\/de\/services\/y25ls-k\/\"><\/a>\t\t\t<a href=\"https:\/\/gokrail.com\/de\/services\/y25ls-k\/\"  aria-hidden=\"true\" class=\"link\"><\/a>\r\n\t\t\t<\/div>\t\r\n\t<div class=\"sc_services_item_info\">\r\n\t\t\t\t<div class=\"sc_services_item_header\">\r\n\t\t\t\t\t\t<h4 class=\"sc_services_item_title entry-title\"><a href=\"https:\/\/gokrail.com\/de\/services\/y25ls-k\/\">Y25Ls-K<\/a><\/h4>\r\n            \t\t<\/div>\r\n\t\t                    <div class=\"sc_services_item_content\"><p>\u00dcr\u00fcn detaylar\u0131n\u0131 incelemek i\u00e7in hemen t\u0131klay\u0131n\u0131z.<\/p>\n<\/div><div class=\"sc_services_item_button sc_item_button\">\r\n            <a href=\"https:\/\/gokrail.com\/de\/services\/y25ls-k\/\" class=\"sc_services_item_more_link\">\r\n                <span class=\"link_text\">\u0130nceleyin<\/span><span class=\"link_icon\"><\/span>\r\n            <\/a>\r\n            <\/div><\/div>\r\n<\/div>\r\n<\/div><\/div><\/div>\t\t<\/div>\n\t\t\t\t<\/div>\n\t\t\t\t\t<\/div>\n\t\t<\/div>\n\t\t\t\t\t\t\t<\/div>\n\t\t<\/section>\n\t\t\t\t<section class=\"elementor-section elementor-top-section elementor-element elementor-element-f938bef elementor-section-boxed elementor-section-height-default elementor-section-height-default sc_fly_static\" data-id=\"f938bef\" data-element_type=\"section\" data-settings=\"{&quot;background_background&quot;:&quot;classic&quot;}\">\n\t\t\t\t\t\t<div class=\"elementor-container elementor-column-gap-extended\">\n\t\t\t\t\t<div class=\"elementor-column elementor-col-100 elementor-top-column elementor-element elementor-element-37b4025 sc_inner_width_none sc_content_align_inherit sc_layouts_column_icons_position_left sc_fly_static\" data-id=\"37b4025\" data-element_type=\"column\">\n\t\t\t<div class=\"elementor-widget-wrap elementor-element-populated\">\n\t\t\t\t\t\t\t\t<div class=\"elementor-element elementor-element-260db7d sc_height_medium sc_fly_static elementor-widget elementor-widget-spacer\" data-id=\"260db7d\" data-element_type=\"widget\" data-widget_type=\"spacer.default\">\n\t\t\t\t<div class=\"elementor-widget-container\">\n\t\t\t\t\t<div class=\"elementor-spacer\">\n\t\t\t<div class=\"elementor-spacer-inner\"><\/div>\n\t\t<\/div>\n\t\t\t\t<\/div>\n\t\t\t\t<\/div>\n\t\t\t\t<div class=\"elementor-element elementor-element-04a6d29 sc_fly_static elementor-widget elementor-widget-image-carousel\" data-id=\"04a6d29\" data-element_type=\"widget\" data-settings=\"{&quot;slides_to_show&quot;:&quot;6&quot;,&quot;slides_to_scroll&quot;:&quot;6&quot;,&quot;navigation&quot;:&quot;none&quot;,&quot;autoplay&quot;:&quot;yes&quot;,&quot;pause_on_hover&quot;:&quot;yes&quot;,&quot;pause_on_interaction&quot;:&quot;yes&quot;,&quot;autoplay_speed&quot;:5000,&quot;infinite&quot;:&quot;yes&quot;,&quot;speed&quot;:500}\" data-widget_type=\"image-carousel.default\">\n\t\t\t\t<div class=\"elementor-widget-container\">\n\t\t\t<style>\/*! elementor - v3.16.0 - 17-10-2023 *\/\n.elementor-widget-image-carousel .swiper,.elementor-widget-image-carousel .swiper-container{position:static}.elementor-widget-image-carousel .swiper-container .swiper-slide figure,.elementor-widget-image-carousel .swiper .swiper-slide figure{line-height:inherit}.elementor-widget-image-carousel .swiper-slide{text-align:center}.elementor-image-carousel-wrapper:not(.swiper-container-initialized):not(.swiper-initialized) .swiper-slide{max-width:calc(100% \/ var(--e-image-carousel-slides-to-show, 3))}<\/style>\t\t<div class=\"elementor-image-carousel-wrapper swiper-container\" dir=\"ltr\">\n\t\t\t<div class=\"elementor-image-carousel swiper-wrapper\" aria-live=\"off\">\n\t\t\t\t\t\t\t\t<div class=\"swiper-slide\" role=\"group\" aria-roledescription=\"slide\" aria-label=\"1 of 7\"><figure class=\"swiper-slide-inner\"><img decoding=\"async\" class=\"swiper-slide-image\" src=\"https:\/\/gokrail.com\/wp-content\/uploads\/2023\/10\/L7-1.png\" alt=\"L7\" \/><\/figure><\/div><div class=\"swiper-slide\" role=\"group\" aria-roledescription=\"slide\" aria-label=\"2 of 7\"><figure class=\"swiper-slide-inner\"><img decoding=\"async\" class=\"swiper-slide-image\" src=\"https:\/\/gokrail.com\/wp-content\/uploads\/2023\/10\/L6-1.png\" alt=\"L6\" \/><\/figure><\/div><div class=\"swiper-slide\" role=\"group\" aria-roledescription=\"slide\" aria-label=\"3 of 7\"><figure class=\"swiper-slide-inner\"><img decoding=\"async\" class=\"swiper-slide-image\" src=\"https:\/\/gokrail.com\/wp-content\/uploads\/2023\/10\/L5-1.png\" alt=\"L5\" \/><\/figure><\/div><div class=\"swiper-slide\" role=\"group\" aria-roledescription=\"slide\" aria-label=\"4 of 7\"><figure class=\"swiper-slide-inner\"><img decoding=\"async\" class=\"swiper-slide-image\" src=\"https:\/\/gokrail.com\/wp-content\/uploads\/2023\/10\/L4.png\" alt=\"L4\" \/><\/figure><\/div><div class=\"swiper-slide\" role=\"group\" aria-roledescription=\"slide\" aria-label=\"5 of 7\"><figure class=\"swiper-slide-inner\"><img decoding=\"async\" class=\"swiper-slide-image\" src=\"https:\/\/gokrail.com\/wp-content\/uploads\/2023\/10\/L3.png\" alt=\"L3\" \/><\/figure><\/div><div class=\"swiper-slide\" role=\"group\" aria-roledescription=\"slide\" aria-label=\"6 of 7\"><figure class=\"swiper-slide-inner\"><img decoding=\"async\" class=\"swiper-slide-image\" src=\"https:\/\/gokrail.com\/wp-content\/uploads\/2023\/10\/L2.png\" alt=\"L2\" \/><\/figure><\/div><div class=\"swiper-slide\" role=\"group\" aria-roledescription=\"slide\" aria-label=\"7 of 7\"><figure class=\"swiper-slide-inner\"><img decoding=\"async\" class=\"swiper-slide-image\" src=\"https:\/\/gokrail.com\/wp-content\/uploads\/2023\/10\/L1.png\" alt=\"L1\" \/><\/figure><\/div>\t\t\t<\/div>\n\t\t\t\t\t\t\t\n\t\t\t\t\t\t\t\t\t<\/div>\n\t\t\t\t<\/div>\n\t\t\t\t<\/div>\n\t\t\t\t<div class=\"elementor-element elementor-element-45febaf sc_height_medium sc_fly_static elementor-widget elementor-widget-spacer\" data-id=\"45febaf\" data-element_type=\"widget\" data-widget_type=\"spacer.default\">\n\t\t\t\t<div class=\"elementor-widget-container\">\n\t\t\t\t\t<div class=\"elementor-spacer\">\n\t\t\t<div class=\"elementor-spacer-inner\"><\/div>\n\t\t<\/div>\n\t\t\t\t<\/div>\n\t\t\t\t<\/div>\n\t\t\t\t\t<\/div>\n\t\t<\/div>\n\t\t\t\t\t\t\t<\/div>\n\t\t<\/section>\n\t\t\t\t\t\t\t<\/div>","protected":false},"excerpt":{"rendered":"<p>Y25Lsdi-KC1 \u00dcr\u00fcn detaylar\u0131n\u0131 incelemek i\u00e7in hemen t\u0131klay\u0131n\u0131z. \u0130nceleyin Y25Ls(s)1-K \u00dcr\u00fcn detaylar\u0131n\u0131 incelemek i\u00e7in hemen t\u0131klay\u0131n\u0131z. \u0130nceleyin Y25Ls-K \u00dcr\u00fcn detaylar\u0131n\u0131 incelemek i\u00e7in hemen t\u0131klay\u0131n\u0131z. \u0130nceleyin<\/p>","protected":false},"author":1,"featured_media":0,"parent":837,"menu_order":0,"comment_status":"closed","ping_status":"closed","template":"","meta":{"footnotes":""},"_links":{"self":[{"href":"https:\/\/gokrail.com\/de\/wp-json\/wp\/v2\/pages\/6648"}],"collection":[{"href":"https:\/\/gokrail.com\/de\/wp-json\/wp\/v2\/pages"}],"about":[{"href":"https:\/\/gokrail.com\/de\/wp-json\/wp\/v2\/types\/page"}],"author":[{"embeddable":true,"href":"https:\/\/gokrail.com\/de\/wp-json\/wp\/v2\/users\/1"}],"replies":[{"embeddable":true,"href":"https:\/\/gokrail.com\/de\/wp-json\/wp\/v2\/comments?post=6648"}],"version-history":[{"count":16,"href":"https:\/\/gokrail.com\/de\/wp-json\/wp\/v2\/pages\/6648\/revisions"}],"predecessor-version":[{"id":7388,"href":"https:\/\/gokrail.com\/de\/wp-json\/wp\/v2\/pages\/6648\/revisions\/7388"}],"up":[{"embeddable":true,"href":"https:\/\/gokrail.com\/de\/wp-json\/wp\/v2\/pages\/837"}],"wp:attachment":[{"href":"https:\/\/gokrail.com\/de\/wp-json\/wp\/v2\/media?parent=6648"}],"curies":[{"name":"wp","href":"https:\/\/api.w.org\/{rel}","templated":true}]}}