{"id":6233,"date":"2023-10-19T15:25:47","date_gmt":"2023-10-19T12:25:47","guid":{"rendered":"https:\/\/gokrail.com\/?page_id=6233"},"modified":"2023-10-19T15:51:19","modified_gmt":"2023-10-19T12:51:19","slug":"kvkk-bildirimi","status":"publish","type":"page","link":"https:\/\/gokrail.com\/de\/kvkk-bildirimi\/","title":{"rendered":"KVKK Bildirimi"},"content":{"rendered":"<div data-elementor-type=\"wp-page\" data-elementor-id=\"6233\" class=\"elementor elementor-6233\">\n\t\t\t\t\t\t\t\t\t<section class=\"elementor-section elementor-top-section elementor-element elementor-element-43897269 elementor-section-boxed elementor-section-height-default elementor-section-height-default sc_fly_static\" data-id=\"43897269\" data-element_type=\"section\" data-settings=\"{&quot;background_background&quot;:&quot;classic&quot;}\">\n\t\t\t\t\t\t<div class=\"elementor-container elementor-column-gap-extended\">\n\t\t\t\t\t<div class=\"elementor-column elementor-col-100 elementor-top-column elementor-element elementor-element-6f02bc5d sc_inner_width_none sc_content_align_inherit sc_layouts_column_icons_position_left sc_fly_static\" data-id=\"6f02bc5d\" data-element_type=\"column\">\n\t\t\t<div class=\"elementor-widget-wrap elementor-element-populated\">\n\t\t\t\t\t\t\t\t<div class=\"elementor-element elementor-element-1873ed3 sc_fly_static elementor-widget elementor-widget-text-editor\" data-id=\"1873ed3\" data-element_type=\"widget\" data-widget_type=\"text-editor.default\">\n\t\t\t\t<div class=\"elementor-widget-container\">\n\t\t\t<style>\/*! elementor - v3.16.0 - 17-10-2023 *\/\n.elementor-widget-text-editor.elementor-drop-cap-view-stacked .elementor-drop-cap{background-color:#69727d;color:#fff}.elementor-widget-text-editor.elementor-drop-cap-view-framed .elementor-drop-cap{color:#69727d;border:3px solid;background-color:transparent}.elementor-widget-text-editor:not(.elementor-drop-cap-view-default) .elementor-drop-cap{margin-top:8px}.elementor-widget-text-editor:not(.elementor-drop-cap-view-default) .elementor-drop-cap-letter{width:1em;height:1em}.elementor-widget-text-editor .elementor-drop-cap{float:left;text-align:center;line-height:1;font-size:50px}.elementor-widget-text-editor .elementor-drop-cap-letter{display:inline-block}<\/style>\t\t\t\t<p>Ki\u015fisel verilerinizi \u00f6zel hayat\u0131n gizlili\u011fi ve ki\u015filerin temel hak ve \u00f6zg\u00fcrl\u00fcklerinin korunmas\u0131 ilkesine uygun olarak muhafazas\u0131, i\u015flenmesi ve mevzuata uygun olarak aktar\u0131m\u0131 a\u015famalar\u0131nda gokrail.com olarak Veri Sorumlusu s\u0131fat\u0131 ile gerekli \u00f6nlemleri al\u0131yoruz.<\/p><p>Ki\u015fisel Verilerin \u0130\u015flenmesi Ayd\u0131nlatma Metnimizi\u00a0(\u201cAyd\u0131nlatma Metni\u201d) Ki\u015fisel Verilerin Korunmas\u0131 Kanunu (KVKK) ve yasal d\u00fczenlemeler \u00e7er\u00e7evesinde ki\u015fisel verilerinizin i\u015flenmesi, saklanmas\u0131 ve aktar\u0131lmas\u0131na ili\u015fkin veri sahibi ilgili ki\u015fileri bilgilendirmek amac\u0131yla haz\u0131rlad\u0131k. Bu sayfa i\u00e7erisinde veri sorumlusu olarak bilgilerimize, ki\u015fisel verilerin hangi ama\u00e7la i\u015flenece\u011fi, kimlere ve hangi ama\u00e7la aktar\u0131labilece\u011fine, ki\u015fisel veri toplaman\u0131n y\u00f6ntemi ve hukuki sebebine, KVKK da say\u0131l\u0131 haklar\u0131n\u0131z hakk\u0131nda t\u00fcm bilgiye ula\u015fabilirsiniz.<\/p><p>Ayd\u0131nlatma Metni i\u00e7erisinde gerekli oldu\u011fu takdirde de\u011fi\u015fiklik yapabiliriz. Yap\u0131lacak de\u011fi\u015fiklikler yay\u0131mlanmas\u0131yla birlikte ge\u00e7erlilik kazanacakt\u0131r.<\/p>\t\t\t\t\t\t<\/div>\n\t\t\t\t<\/div>\n\t\t\t\t\t<\/div>\n\t\t<\/div>\n\t\t\t\t\t\t\t<\/div>\n\t\t<\/section>\n\t\t\t\t\t\t\t<\/div>","protected":false},"excerpt":{"rendered":"<p>Ki\u015fisel verilerinizi \u00f6zel hayat\u0131n gizlili\u011fi ve ki\u015filerin temel hak ve \u00f6zg\u00fcrl\u00fcklerinin korunmas\u0131 ilkesine uygun olarak muhafazas\u0131, i\u015flenmesi ve mevzuata uygun olarak aktar\u0131m\u0131 a\u015famalar\u0131nda gokrail.com olarak Veri Sorumlusu s\u0131fat\u0131 ile gerekli&hellip;<\/p>","protected":false},"author":1,"featured_media":0,"parent":0,"menu_order":0,"comment_status":"closed","ping_status":"closed","template":"","meta":{"footnotes":""},"_links":{"self":[{"href":"https:\/\/gokrail.com\/de\/wp-json\/wp\/v2\/pages\/6233"}],"collection":[{"href":"https:\/\/gokrail.com\/de\/wp-json\/wp\/v2\/pages"}],"about":[{"href":"https:\/\/gokrail.com\/de\/wp-json\/wp\/v2\/types\/page"}],"author":[{"embeddable":true,"href":"https:\/\/gokrail.com\/de\/wp-json\/wp\/v2\/users\/1"}],"replies":[{"embeddable":true,"href":"https:\/\/gokrail.com\/de\/wp-json\/wp\/v2\/comments?post=6233"}],"version-history":[{"count":4,"href":"https:\/\/gokrail.com\/de\/wp-json\/wp\/v2\/pages\/6233\/revisions"}],"predecessor-version":[{"id":6272,"href":"https:\/\/gokrail.com\/de\/wp-json\/wp\/v2\/pages\/6233\/revisions\/6272"}],"wp:attachment":[{"href":"https:\/\/gokrail.com\/de\/wp-json\/wp\/v2\/media?parent=6233"}],"curies":[{"name":"wp","href":"https:\/\/api.w.org\/{rel}","templated":true}]}}